{"id":880,"date":"2020-09-09T14:37:14","date_gmt":"2020-09-09T12:37:14","guid":{"rendered":"https:\/\/www.jtechconseils.fr\/?page_id=880"},"modified":"2020-09-09T15:02:27","modified_gmt":"2020-09-09T13:02:27","slug":"conditions-dutilisation","status":"publish","type":"page","link":"https:\/\/www.jtechconseils.fr\/index.php\/conditions-dutilisation\/","title":{"rendered":"CONDITIONS D&rsquo;UTILISATION"},"content":{"rendered":"<p>[et_pb_section fb_built=\u00a0\u00bb1&Prime; fullwidth=\u00a0\u00bbon\u00a0\u00bb module_id=\u00a0\u00bbaccueil\u00a0\u00bb _builder_version=\u00a0\u00bb3.22&Prime; background_color=\u00a0\u00bb#ffffff\u00a0\u00bb custom_margin=\u00a0\u00bb0px||0px\u00a0\u00bb custom_padding=\u00a0\u00bb0px|0px|0|0px|false|false\u00a0\u00bb hover_transition_duration=\u00a0\u00bb800ms\u00a0\u00bb locked=\u00a0\u00bboff\u00a0\u00bb][et_pb_fullwidth_slider _builder_version=\u00a0\u00bb3.19.5&Prime; header_font=\u00a0\u00bb||||||||\u00a0\u00bb body_font=\u00a0\u00bb||||||||\u00a0\u00bb background_color=\u00a0\u00bb#ffffff\u00a0\u00bb animation_style=\u00a0\u00bbfade\u00a0\u00bb animation_duration=\u00a0\u00bb5000ms\u00a0\u00bb animation_starting_opacity=\u00a0\u00bb100%\u00a0\u00bb animation_speed_curve=\u00a0\u00bblinear\u00a0\u00bb hover_transition_duration=\u00a0\u00bb5000ms\u00a0\u00bb][et_pb_slide button_text=\u00a0\u00bbNOS PRESTATIONS\u00a0\u00bb button_link=\u00a0\u00bbhttps:\/\/www.jtechconseils.fr\/index.php\/nos-prestations\/\u00a0\u00bb use_bg_overlay=\u00a0\u00bbon\u00a0\u00bb bg_overlay_color=\u00a0\u00bbrgba(0,0,0,0.58)\u00a0\u00bb use_text_overlay=\u00a0\u00bboff\u00a0\u00bb _builder_version=\u00a0\u00bb3.19.5&Prime; header_level=\u00a0\u00bbh1&Prime; header_font=\u00a0\u00bbArchivo Narrow|700|||||||\u00a0\u00bb header_text_align=\u00a0\u00bbcenter\u00a0\u00bb header_text_color=\u00a0\u00bb#ffffff\u00a0\u00bb header_font_size=\u00a0\u00bb42px\u00a0\u00bb header_line_height=\u00a0\u00bb1.3em\u00a0\u00bb body_font=\u00a0\u00bbArchivo Narrow||||||||\u00a0\u00bb body_text_color=\u00a0\u00bb#7cda24&Prime; body_font_size=\u00a0\u00bb19px\u00a0\u00bb body_line_height=\u00a0\u00bb1.3em\u00a0\u00bb background_color=\u00a0\u00bb#afca13&Prime; background_image=\u00a0\u00bbhttps:\/\/www.jtechconseils.fr\/wp-content\/uploads\/2019\/01\/SLIDER-02.jpeg\u00a0\u00bb custom_button=\u00a0\u00bbon\u00a0\u00bb button_text_size=\u00a0\u00bb13px\u00a0\u00bb button_text_color=\u00a0\u00bb#ffffff\u00a0\u00bb button_border_width=\u00a0\u00bb1px\u00a0\u00bb button_border_radius=\u00a0\u00bb39px\u00a0\u00bb button_letter_spacing=\u00a0\u00bb1px\u00a0\u00bb button_font=\u00a0\u00bbArchivo Narrow||||||||\u00a0\u00bb button_use_icon=\u00a0\u00bbon\u00a0\u00bb button_icon=\u00a0\u00bb%%20%%\u00a0\u00bb button_icon_color=\u00a0\u00bb#ffffff\u00a0\u00bb button_on_hover=\u00a0\u00bbon\u00a0\u00bb button_alignment=\u00a0\u00bbcenter\u00a0\u00bb custom_padding=\u00a0\u00bb300px|0px|300px|0px\u00a0\u00bb hover_transition_duration=\u00a0\u00bb2000ms\u00a0\u00bb hover_transition_delay=\u00a0\u00bb50ms\u00a0\u00bb hover_transition_speed_curve=\u00a0\u00bbease-in-out\u00a0\u00bb sticky_transition=\u00a0\u00bbon\u00a0\u00bb]<\/p>\n<p style=\"text-align: center;\"><strong style=\"color: #afca13;\"><strong><img loading=\"lazy\" src=\"https:\/\/www.jtechconseils.fr\/wp-content\/uploads\/2019\/02\/logo-jtech-blanc-1024x183.png\" width=\"332\" height=\"59\" alt=\"\" class=\"wp-image-799 aligncenter size-large\" srcset=\"https:\/\/www.jtechconseils.fr\/wp-content\/uploads\/2019\/02\/logo-jtech-blanc-1024x183.png 1024w, https:\/\/www.jtechconseils.fr\/wp-content\/uploads\/2019\/02\/logo-jtech-blanc-300x54.png 300w, https:\/\/www.jtechconseils.fr\/wp-content\/uploads\/2019\/02\/logo-jtech-blanc-768x137.png 768w, https:\/\/www.jtechconseils.fr\/wp-content\/uploads\/2019\/02\/logo-jtech-blanc-1080x193.png 1080w, https:\/\/www.jtechconseils.fr\/wp-content\/uploads\/2019\/02\/logo-jtech-blanc-610x109.png 610w, https:\/\/www.jtechconseils.fr\/wp-content\/uploads\/2019\/02\/logo-jtech-blanc.png 1166w\" sizes=\"(max-width: 332px) 100vw, 332px\" \/><\/strong><\/strong><\/p>\n<p style=\"text-align: center;\"><strong style=\"color: #afca13;\">&#8211; Ing\u00e9nierie &amp; ma\u00eetrise d&rsquo;\u0153uvre &#8211;<\/strong><\/p>\n<p style=\"text-align: center;\"><span style=\"color: #ffffff;\">Un partenaire de choix pour l&rsquo;ensemble de vos projets de construction, r\u00e9novation et am\u00e9nagements int\u00e9rieurs<\/span><\/p>\n<p>[\/et_pb_slide][\/et_pb_fullwidth_slider][\/et_pb_section][et_pb_section fb_built=\u00a0\u00bb1&Prime; module_id=\u00a0\u00bbsociete\u00a0\u00bb _builder_version=\u00a0\u00bb3.22&Prime; background_color=\u00a0\u00bbrgba(135,135,135,0)\u00a0\u00bb custom_padding=\u00a0\u00bb70px|0px|80px|0px|false|false\u00a0\u00bb][et_pb_row _builder_version=\u00a0\u00bb4.6.1&Prime; _module_preset=\u00a0\u00bbdefault\u00a0\u00bb][et_pb_column type=\u00a0\u00bb4_4&Prime; _builder_version=\u00a0\u00bb4.6.1&Prime; _module_preset=\u00a0\u00bbdefault\u00a0\u00bb][et_pb_text _builder_version=\u00a0\u00bb4.6.1&Prime; _module_preset=\u00a0\u00bbdefault\u00a0\u00bb]<\/p>\n<h3><strong>Conditions d&rsquo;utilisation<br \/> <\/strong><\/h3>\n<p>[\/et_pb_text][et_pb_text _builder_version=\u00a0\u00bb4.6.1&Prime; _module_preset=\u00a0\u00bbdefault\u00a0\u00bb]<\/p>\n<div class=\"seocrawler-page-wrapper\" id=\"seocrawler-page-wrapper\">\n<div class=\"gdlr-core-page-builder-body\">\n<div class=\"gdlr-core-pbf-wrapper \">\n<div class=\"gdlr-core-pbf-wrapper-content gdlr-core-js \">\n<div class=\"gdlr-core-pbf-wrapper-container clearfix gdlr-core-container\">\n<div class=\"gdlr-core-pbf-column gdlr-core-column-60 gdlr-core-column-first\">\n<div class=\"gdlr-core-pbf-column-content-margin gdlr-core-js \">\n<div class=\"gdlr-core-pbf-column-content clearfix gdlr-core-js \">\n<div class=\"gdlr-core-pbf-element\">\n<div class=\"gdlr-core-text-box-item gdlr-core-item-pdlr gdlr-core-item-pdb gdlr-core-left-align\">\n<div class=\"gdlr-core-text-box-item-content\" style=\"text-transform: none;\">\n<div class=\"seocrawler-page-wrapper\" id=\"seocrawler-page-wrapper\">\n<div class=\"gdlr-core-page-builder-body\">\n<div class=\"gdlr-core-pbf-wrapper \">\n<div class=\"gdlr-core-pbf-wrapper-content gdlr-core-js \">\n<div class=\"gdlr-core-pbf-wrapper-container clearfix gdlr-core-container\">\n<div class=\"gdlr-core-pbf-column gdlr-core-column-60 gdlr-core-column-first\">\n<div class=\"gdlr-core-pbf-column-content-margin gdlr-core-js \">\n<div class=\"gdlr-core-pbf-column-content clearfix gdlr-core-js \">\n<div class=\"gdlr-core-pbf-element\">\n<div class=\"gdlr-core-text-box-item gdlr-core-item-pdlr gdlr-core-item-pdb gdlr-core-left-align\">\n<div class=\"gdlr-core-text-box-item-content\" style=\"text-transform: none;\">\n<div class=\"seocrawler-page-wrapper\" id=\"seocrawler-page-wrapper\">\n<div class=\"gdlr-core-page-builder-body\">\n<div class=\"gdlr-core-pbf-wrapper \">\n<div class=\"gdlr-core-pbf-wrapper-content gdlr-core-js \">\n<div class=\"gdlr-core-pbf-wrapper-container clearfix gdlr-core-container\">\n<div class=\"gdlr-core-pbf-column gdlr-core-column-60 gdlr-core-column-first\">\n<div class=\"gdlr-core-pbf-column-content-margin gdlr-core-js \">\n<div class=\"gdlr-core-pbf-column-content clearfix gdlr-core-js \">\n<div class=\"gdlr-core-pbf-element\">\n<div class=\"gdlr-core-text-box-item gdlr-core-item-pdlr gdlr-core-item-pdb gdlr-core-left-align\">\n<div class=\"gdlr-core-text-box-item-content\" style=\"text-transform: none;\">\n<p><strong>ARTICLE 1 \u2013 Qui sommes-nous ?<\/strong><\/p>\n<p>JTECH CONSEILS est une SARL immatricul\u00e9e au Registre du Commerce et des Soci\u00e9t\u00e9s de Metz sous le num\u00e9ro 79141727200030.<\/p>\n<p>Nous contacter :<\/p>\n<ul>\n<li>Par t\u00e9l\u00e9phone : appel non surtax\u00e9 du lundi au vendredi de 9h-12h \u00e0 14h-17h.<\/li>\n<li>Par email : info@jtechconseils.fr Nous vous recommandons de nous \u00e9crire via notre formulaire de contact<\/li>\n<li>Par courrier : JTECH CONSEILS \u2013 4F RUE DE L&rsquo;ANCIEN H\u00d4PITAL 57200 SARREGUEMINES\u00a0<\/li>\n<\/ul>\n<p><strong>ARTICLE 2 \u2013 D\u00e9finitions et Terminologie<\/strong><\/p>\n<p>Pour la compr\u00e9hension et la simplification de certains termes utilis\u00e9s aux pr\u00e9sentes, il est d\u00e9termin\u00e9 ce qui suit :<\/p>\n<p>Le \u00ab Site \u00bb : d\u00e9signe notre site internet https:\/\/www.jtechconseils.fr<br \/>Les \u00ab Services \u00bb : d\u00e9signe un ensemble de contenu web ayant pour vocation la publication d\u2019informations ainsi que la promotion de produits et prestations.<br \/>Le \u00ab Visiteur \u00bb : d\u00e9signe une personne physique qui utilise les Services<br \/>La \u00ab Soci\u00e9t\u00e9 \u00bb : d\u00e9signe notre soci\u00e9t\u00e9<\/p>\n<p><strong>ARTICLE 3 \u2013 Champ d\u2019application<\/strong><\/p>\n<p>Il est pr\u00e9alablement pr\u00e9cis\u00e9 que les pr\u00e9sentes conditions r\u00e9gissent l\u2019utilisation du Site.<\/p>\n<p>Ces conditions s\u2019appliquent \u00e0 l\u2019exclusion de toutes autres conditions, notamment celles en vigueur pour les ventes en magasin ou en direct.<\/p>\n<p>Nos Services \u00e9tant vari\u00e9s, il se peut que des conditions additionnelles ou particuli\u00e8res \u00e0 certains d\u2019entre eux (blog ou forum) s\u2019appliquent.<\/p>\n<p>Ces conditions additionnelles seront mises \u00e0 votre disposition avec lesdits Services et devront \u00eatre accept\u00e9es avant leur utilisation.<\/p>\n<p><strong>ARTICLE 4 \u2013 Acc\u00e8s aux Services<\/strong><\/p>\n<p>Nos Services sont accessibles gratuitement \u00e0 tout Visiteur disposant d\u2019un acc\u00e8s \u00e0 internet. Tous les co\u00fbts aff\u00e9rents aux acc\u00e8s des Services, mat\u00e9riels, logiciels ou d\u2019acc\u00e8s \u00e0 internet sont exclusivement \u00e0 la charge de ce dernier. Il est seul responsable du bon fonctionnement de son \u00e9quipement informatique ainsi que de son acc\u00e8s \u00e0 internet.<\/p>\n<p>Nous mettons tous les moyens en \u0153uvre afin de garantir la meilleure qualit\u00e9 d\u2019acc\u00e8s aux Services, sans y \u00eatre tenus par une obligation de r\u00e9sultat. Certains Services peuvent \u00eatre momentan\u00e9ment indisponibles lors de modifications sur nos syst\u00e8mes informatiques. Le Visiteur en est alors averti par une page explicite.<\/p>\n<p>Nos Services sont h\u00e9berg\u00e9s par :<\/p>\n<p>OVH<br \/>Si\u00e8ge social : 2 rue Kellermann \u2013 59100 Roubaix \u2013 France<br \/>SAS au capital de 500 000 \u20ac<br \/>RCS Roubaix \u2013 Tourcoing 424 761 419 00011 \/ TVA : FR 22 424 761 419<br \/>Code APE 6202A<br \/>T\u00e9l\u00e9phone : 08 20 32 03 63<\/p>\n<p><strong>ARTICLE 5 \u2013 Propri\u00e9t\u00e9 intellectuelle<\/strong><\/p>\n<p>L\u2019ensemble du Site (contenus, images, vid\u00e9os, textes, illustrations, etc..) est la propri\u00e9t\u00e9 exclusive de la Soci\u00e9t\u00e9 JTECH CONSEILS.<\/p>\n<p>La reproduction ou repr\u00e9sentation, int\u00e9grale ou partielle, des pages, des donn\u00e9es et de tout autre \u00e9l\u00e9ment constitutif au site web, par quelque proc\u00e9d\u00e9 ou support que ce soit, est interdite et constitue sans autorisation expresse et pr\u00e9alable du Directeur de la Publication, une contrefa\u00e7on sanctionn\u00e9e par les articles L335-2 et suivants du Code de Propri\u00e9t\u00e9 Intellectuelle.<\/p>\n<p>Toute utilisation des contenus et\/ou du site web \u00e0 des fins ill\u00e9gales fera l\u2019objet de poursuites dont l\u2019ensemble des frais de proc\u00e9dure seront exclusivement \u00e0 charge des contrevenants.<\/p>\n<p><strong>ARTICLE 6 \u2013 Liens hypertextes<br \/><\/strong><\/p>\n<p>La Soci\u00e9t\u00e9 d\u00e9cline formellement toute responsabilit\u00e9 quant aux contenus des liens tiers entrants et\/ou sortants qui sont soumis \u00e0 leurs propres conditions d\u2019utilisation.<\/p>\n<p><strong>ARTICLE 7 \u2013 Les avis<\/strong><\/p>\n<p>Conform\u00e9ment au D\u00e9cret n\u00b0 2017-1436 du 29 septembre 2017, JO du 5 octobre sur les avis publi\u00e9s par les Visiteurs, nous vous informons que :<\/p>\n<ul>\n<li>La proc\u00e9dure de contr\u00f4le des avis est interne \u00e0 la Soci\u00e9t\u00e9.<\/li>\n<li>Il n\u2019y a aucune contrepartie de quelque nature que ce soit pour vous inciter \u00e0 laisser un avis<\/li>\n<li>Les d\u00e9lais de publication des avis sont de 2 mois maximum<\/li>\n<li>Les avis sont class\u00e9s par ordre chronologique<\/li>\n<li>La conservation des avis est de 10 ans \u00e0 partir de leur date de r\u00e9daction<\/li>\n<li>Votre pr\u00e9nom, initiale du nom, date d\u2019achat et de publication seront int\u00e9gr\u00e9s \u00e0 votre publication.<\/li>\n<\/ul>\n<p>Tous les avis sont publi\u00e9s, sauf ceux faisant partie de la liste suivante :<\/p>\n<ul>\n<li>De nature publicitaire<\/li>\n<li>Contraire aux bonnes m\u0153urs<\/li>\n<li>Portant atteinte aux droits des personnes<\/li>\n<li>Contraire aux lois<\/li>\n<li>Contraire aux pr\u00e9sentes conditions d\u2019utilisation<\/li>\n<li>Favorisant un concurrent<\/li>\n<\/ul>\n<p><strong>ARTICLE 8 \u2013 Les obligations du Visiteur<\/strong><\/p>\n<p>Le Visiteur s\u2019engage \u00e0 :<\/p>\n<ul>\n<li>Ne pas utiliser le Site de mani\u00e8re frauduleuse<\/li>\n<li>Garantir que ses syst\u00e8mes informatiques sont exempts de tout virus ou logiciels espions<\/li>\n<li>Ne pas publier d\u2019informations visant \u00e0 nuire \u00e0 la Soci\u00e9t\u00e9 sur tout support.<\/li>\n<\/ul>\n<\/div>\n<\/div>\n<\/div>\n<\/div>\n<\/div>\n<\/div>\n<\/div>\n<\/div>\n<\/div>\n<\/div>\n<\/div>\n<\/div>\n<\/div>\n<\/div>\n<\/div>\n<\/div>\n<\/div>\n<\/div>\n<\/div>\n<\/div>\n<\/div>\n<\/div>\n<\/div>\n<\/div>\n<\/div>\n<\/div>\n<\/div>\n<\/div>\n<\/div>\n<\/div>\n<\/div>\n<\/div>\n<\/div>\n<p>[\/et_pb_text][\/et_pb_column][\/et_pb_row][\/et_pb_section][et_pb_section fb_built=\u00a0\u00bb1&Prime; admin_label=\u00a0\u00bbContact Us\u00a0\u00bb _builder_version=\u00a0\u00bb3.22&Prime; background_color=\u00a0\u00bbrgba(0,0,0,0.65)\u00a0\u00bb background_image=\u00a0\u00bbhttps:\/\/www.jtechconseils.fr\/wp-content\/uploads\/2019\/01\/Klein7.jpg\u00a0\u00bb background_blend=\u00a0\u00bbmultiply\u00a0\u00bb custom_padding=\u00a0\u00bb30px|0px|29px|0px|false|false\u00a0\u00bb filter_contrast=\u00a0\u00bb127%\u00a0\u00bb locked=\u00a0\u00bboff\u00a0\u00bb collapsed=\u00a0\u00bboff\u00a0\u00bb][et_pb_row column_structure=\u00a0\u00bb1_2,1_2&Prime; use_custom_gutter=\u00a0\u00bbon\u00a0\u00bb gutter_width=\u00a0\u00bb1&Prime; make_equal=\u00a0\u00bbon\u00a0\u00bb _builder_version=\u00a0\u00bb3.25&Prime; background_size=\u00a0\u00bbinitial\u00a0\u00bb background_position=\u00a0\u00bbtop_left\u00a0\u00bb background_repeat=\u00a0\u00bbrepeat\u00a0\u00bb custom_margin=\u00a0\u00bb20px|||\u00a0\u00bb custom_padding=\u00a0\u00bb0||0||false|false\u00a0\u00bb][et_pb_column type=\u00a0\u00bb1_2&Prime; _builder_version=\u00a0\u00bb3.25&Prime; custom_padding=\u00a0\u00bb50px|50px|50px|50px\u00a0\u00bb custom_padding__hover=\u00a0\u00bb|||\u00a0\u00bb][et_pb_image src=\u00a0\u00bbhttps:\/\/www.jtechconseils.fr\/wp-content\/uploads\/2019\/01\/JTECH-CONSEILS-couleur-texte-blanc-01.png\u00a0\u00bb align_tablet=\u00a0\u00bbcenter\u00a0\u00bb align_phone=\u00a0\u00bb\u00a0\u00bb align_last_edited=\u00a0\u00bbon|desktop\u00a0\u00bb _builder_version=\u00a0\u00bb3.23&Prime; max_width=\u00a0\u00bb55%\u00a0\u00bb module_alignment=\u00a0\u00bbleft\u00a0\u00bb custom_margin=\u00a0\u00bb|||-12px\u00a0\u00bb][\/et_pb_image][et_pb_text _builder_version=\u00a0\u00bb3.27.4&Prime; text_font=\u00a0\u00bbArchivo Narrow||||||||\u00a0\u00bb text_text_color=\u00a0\u00bb#878787&Prime; text_letter_spacing=\u00a0\u00bb1px\u00a0\u00bb text_line_height=\u00a0\u00bb1.3em\u00a0\u00bb link_font=\u00a0\u00bb||||||||\u00a0\u00bb ul_font=\u00a0\u00bb||||||||\u00a0\u00bb header_font=\u00a0\u00bb||||||||\u00a0\u00bb header_text_color=\u00a0\u00bb#878787&Prime; custom_margin=\u00a0\u00bb20px||\u00a0\u00bb custom_padding=\u00a0\u00bb0px||\u00a0\u00bb]<\/p>\n<p>Associant architecture et ing\u00e9nierie, le cabinet JTECH CONSEILS vous propose d&rsquo;\u00eatre votre partenaire solide pour la conception et la r\u00e9alisation de vos b\u00e2timents.<\/p>\n<p>[\/et_pb_text][et_pb_text _builder_version=\u00a0\u00bb3.27.4&Prime; text_font=\u00a0\u00bbArchivo Narrow||||||||\u00a0\u00bb text_text_color=\u00a0\u00bbrgba(255,255,255,0.73)\u00a0\u00bb text_letter_spacing=\u00a0\u00bb1px\u00a0\u00bb text_line_height=\u00a0\u00bb1.3em\u00a0\u00bb link_font=\u00a0\u00bb||||||||\u00a0\u00bb ul_font=\u00a0\u00bb||||||||\u00a0\u00bb header_font=\u00a0\u00bb||||||||\u00a0\u00bb header_text_color=\u00a0\u00bb#878787&Prime; header_font_size=\u00a0\u00bb11px\u00a0\u00bb custom_margin=\u00a0\u00bb30px||\u00a0\u00bb custom_padding=\u00a0\u00bb0px||\u00a0\u00bb]<\/p>\n<p><strong>Si\u00e8ge social :<\/strong> 4F rue de l\u2019ancien H\u00f4pital 57200 SARREGUEMINES<br \/> <strong>Bureau :<\/strong> 19 rue de France 57200 SARREGUEMINES<\/p>\n<p>[\/et_pb_text][et_pb_divider show_divider=\u00a0\u00bboff\u00a0\u00bb disabled_on=\u00a0\u00bbon|on|off%22%22%22%22&Prime; _builder_version=\u00a0\u00bb3.2&Prime; max_width=\u00a0\u00bb400px\u00a0\u00bb module_alignment=\u00a0\u00bbcenter\u00a0\u00bb height=\u00a0\u00bb2px\u00a0\u00bb custom_margin=\u00a0\u00bb||0px|\u00a0\u00bb custom_padding=\u00a0\u00bb|||\u00a0\u00bb animation_style=\u00a0\u00bbzoom\u00a0\u00bb animation_intensity_zoom=\u00a0\u00bb20%\u00a0\u00bb][\/et_pb_divider][\/et_pb_column][et_pb_column type=\u00a0\u00bb1_2&Prime; _builder_version=\u00a0\u00bb3.25&Prime; custom_padding=\u00a0\u00bb50px|50px|50px|50px\u00a0\u00bb custom_padding__hover=\u00a0\u00bb|||\u00a0\u00bb][et_pb_text _builder_version=\u00a0\u00bb3.27.4&Prime; text_font=\u00a0\u00bb||||||||\u00a0\u00bb text_text_color=\u00a0\u00bb#afca13&Prime; text_font_size=\u00a0\u00bb12px\u00a0\u00bb text_letter_spacing=\u00a0\u00bb3px\u00a0\u00bb text_orientation=\u00a0\u00bbright\u00a0\u00bb custom_margin=\u00a0\u00bb100px||\u00a0\u00bb]<\/p>\n<p>CONTACTEZ-NOUS<\/p>\n<p>[\/et_pb_text][et_pb_text _builder_version=\u00a0\u00bb3.27.4&Prime; text_font=\u00a0\u00bbArchivo Narrow||||||||\u00a0\u00bb text_text_color=\u00a0\u00bbrgba(255,255,255,0.73)\u00a0\u00bb text_letter_spacing=\u00a0\u00bb1px\u00a0\u00bb text_line_height=\u00a0\u00bb1.5em\u00a0\u00bb link_font=\u00a0\u00bb||||||||\u00a0\u00bb ul_font=\u00a0\u00bb||||||||\u00a0\u00bb header_font=\u00a0\u00bb||||||||\u00a0\u00bb header_text_color=\u00a0\u00bb#878787&Prime; text_orientation=\u00a0\u00bbright\u00a0\u00bb custom_margin=\u00a0\u00bb29px||\u00a0\u00bb custom_padding=\u00a0\u00bb0px||\u00a0\u00bb]<\/p>\n<p>Jordi MAMAN<br \/> info@jtechconseils.fr<br \/> + 33 (0) 3 87 09 30 44<\/p>\n<p>[\/et_pb_text][\/et_pb_column][\/et_pb_row][et_pb_row _builder_version=\u00a0\u00bb3.25&Prime; custom_padding=\u00a0\u00bb1px|0px|6px|0px|false|false\u00a0\u00bb][et_pb_column type=\u00a0\u00bb4_4&Prime; _builder_version=\u00a0\u00bb3.25&Prime; custom_padding=\u00a0\u00bb|||\u00a0\u00bb custom_padding__hover=\u00a0\u00bb|||\u00a0\u00bb][et_pb_divider color=\u00a0\u00bb#4b4a4a\u00a0\u00bb _builder_version=\u00a0\u00bb3.19.5&Prime;][\/et_pb_divider][\/et_pb_column][\/et_pb_row][et_pb_row column_structure=\u00a0\u00bb3_5,2_5&Prime; _builder_version=\u00a0\u00bb3.25&Prime; custom_padding=\u00a0\u00bb36px|0px|0|0px|false|false\u00a0\u00bb][et_pb_column type=\u00a0\u00bb3_5&Prime; _builder_version=\u00a0\u00bb3.25&Prime; custom_padding=\u00a0\u00bb|||\u00a0\u00bb custom_padding__hover=\u00a0\u00bb|||\u00a0\u00bb][et_pb_text _builder_version=\u00a0\u00bb4.6.1&Prime; text_font=\u00a0\u00bbArchivo Narrow||||||||\u00a0\u00bb text_text_color=\u00a0\u00bb#ffffff\u00a0\u00bb text_font_size=\u00a0\u00bb11px\u00a0\u00bb text_letter_spacing=\u00a0\u00bb1px\u00a0\u00bb custom_margin=\u00a0\u00bb-36px|||45px\u00a0\u00bb hover_enabled=\u00a0\u00bb0&Prime; sticky_enabled=\u00a0\u00bb0&Prime;]<\/p>\n<p>JTECH CONSEILS\u00a9 2020 I <a href=\"https:\/\/www.jtechconseils.fr\/index.php\/mentions-legales\/\">MENTIONS L\u00c9GALES<\/a>\u00a0I <a href=\"https:\/\/www.jtechconseils.fr\/index.php\/conditions-dutilisation\/\">CONDITIONS D&rsquo;UTILISATION<\/a> I <a href=\"https:\/\/www.jtechconseils.fr\/index.php\/protection-des-donnees\/\">PROTECTION DES DONN\u00c9ES<\/a> I CONCEPTION PICTOPIA SARREGUEMINES<\/p>\n<p>[\/et_pb_text][\/et_pb_column][et_pb_column type=\u00a0\u00bb2_5&Prime; _builder_version=\u00a0\u00bb3.25&Prime; custom_padding=\u00a0\u00bb|||\u00a0\u00bb custom_padding__hover=\u00a0\u00bb|||\u00a0\u00bb][\/et_pb_column][\/et_pb_row][\/et_pb_section]<\/p>\n","protected":false},"excerpt":{"rendered":"<p>[et_pb_section fb_built=\u00a0\u00bb1&Prime; fullwidth=\u00a0\u00bbon\u00a0\u00bb module_id=\u00a0\u00bbaccueil\u00a0\u00bb _builder_version=\u00a0\u00bb3.22&Prime; background_color=\u00a0\u00bb#ffffff\u00a0\u00bb custom_margin=\u00a0\u00bb0px||0px\u00a0\u00bb custom_padding=\u00a0\u00bb0px|0px|0|0px|false|false\u00a0\u00bb hover_transition_duration=\u00a0\u00bb800ms\u00a0\u00bb locked=\u00a0\u00bboff\u00a0\u00bb][et_pb_fullwidth_slider _builder_version=\u00a0\u00bb3.19.5&Prime; header_font=\u00a0\u00bb||||||||\u00a0\u00bb body_font=\u00a0\u00bb||||||||\u00a0\u00bb background_color=\u00a0\u00bb#ffffff\u00a0\u00bb animation_style=\u00a0\u00bbfade\u00a0\u00bb animation_duration=\u00a0\u00bb5000ms\u00a0\u00bb animation_starting_opacity=\u00a0\u00bb100%\u00a0\u00bb animation_speed_curve=\u00a0\u00bblinear\u00a0\u00bb hover_transition_duration=\u00a0\u00bb5000ms\u00a0\u00bb][et_pb_slide button_text=\u00a0\u00bbNOS PRESTATIONS\u00a0\u00bb button_link=\u00a0\u00bbhttps:\/\/www.jtechconseils.fr\/index.php\/nos-prestations\/\u00a0\u00bb use_bg_overlay=\u00a0\u00bbon\u00a0\u00bb bg_overlay_color=\u00a0\u00bbrgba(0,0,0,0.58)\u00a0\u00bb use_text_overlay=\u00a0\u00bboff\u00a0\u00bb _builder_version=\u00a0\u00bb3.19.5&Prime; header_level=\u00a0\u00bbh1&Prime; header_font=\u00a0\u00bbArchivo Narrow|700|||||||\u00a0\u00bb header_text_align=\u00a0\u00bbcenter\u00a0\u00bb header_text_color=\u00a0\u00bb#ffffff\u00a0\u00bb header_font_size=\u00a0\u00bb42px\u00a0\u00bb header_line_height=\u00a0\u00bb1.3em\u00a0\u00bb body_font=\u00a0\u00bbArchivo Narrow||||||||\u00a0\u00bb body_text_color=\u00a0\u00bb#7cda24&Prime; body_font_size=\u00a0\u00bb19px\u00a0\u00bb body_line_height=\u00a0\u00bb1.3em\u00a0\u00bb background_color=\u00a0\u00bb#afca13&Prime; background_image=\u00a0\u00bbhttps:\/\/www.jtechconseils.fr\/wp-content\/uploads\/2019\/01\/SLIDER-02.jpeg\u00a0\u00bb custom_button=\u00a0\u00bbon\u00a0\u00bb button_text_size=\u00a0\u00bb13px\u00a0\u00bb button_text_color=\u00a0\u00bb#ffffff\u00a0\u00bb button_border_width=\u00a0\u00bb1px\u00a0\u00bb button_border_radius=\u00a0\u00bb39px\u00a0\u00bb button_letter_spacing=\u00a0\u00bb1px\u00a0\u00bb button_font=\u00a0\u00bbArchivo Narrow||||||||\u00a0\u00bb button_use_icon=\u00a0\u00bbon\u00a0\u00bb button_icon=\u00a0\u00bb%%20%%\u00a0\u00bb button_icon_color=\u00a0\u00bb#ffffff\u00a0\u00bb button_on_hover=\u00a0\u00bbon\u00a0\u00bb button_alignment=\u00a0\u00bbcenter\u00a0\u00bb custom_padding=\u00a0\u00bb300px|0px|300px|0px\u00a0\u00bb hover_transition_duration=\u00a0\u00bb2000ms\u00a0\u00bb [&hellip;]<\/p>\n","protected":false},"author":6,"featured_media":0,"parent":0,"menu_order":0,"comment_status":"closed","ping_status":"closed","template":"","meta":{"_et_pb_use_builder":"on","_et_pb_old_content":"","_et_gb_content_width":""},"_links":{"self":[{"href":"https:\/\/www.jtechconseils.fr\/index.php\/wp-json\/wp\/v2\/pages\/880"}],"collection":[{"href":"https:\/\/www.jtechconseils.fr\/index.php\/wp-json\/wp\/v2\/pages"}],"about":[{"href":"https:\/\/www.jtechconseils.fr\/index.php\/wp-json\/wp\/v2\/types\/page"}],"author":[{"embeddable":true,"href":"https:\/\/www.jtechconseils.fr\/index.php\/wp-json\/wp\/v2\/users\/6"}],"replies":[{"embeddable":true,"href":"https:\/\/www.jtechconseils.fr\/index.php\/wp-json\/wp\/v2\/comments?post=880"}],"version-history":[{"count":5,"href":"https:\/\/www.jtechconseils.fr\/index.php\/wp-json\/wp\/v2\/pages\/880\/revisions"}],"predecessor-version":[{"id":896,"href":"https:\/\/www.jtechconseils.fr\/index.php\/wp-json\/wp\/v2\/pages\/880\/revisions\/896"}],"wp:attachment":[{"href":"https:\/\/www.jtechconseils.fr\/index.php\/wp-json\/wp\/v2\/media?parent=880"}],"curies":[{"name":"wp","href":"https:\/\/api.w.org\/{rel}","templated":true}]}}