{"id":859,"date":"2020-09-09T14:23:39","date_gmt":"2020-09-09T12:23:39","guid":{"rendered":"https:\/\/www.jtechconseils.fr\/?page_id=859"},"modified":"2020-09-09T15:03:37","modified_gmt":"2020-09-09T13:03:37","slug":"protection-des-donnees","status":"publish","type":"page","link":"https:\/\/www.jtechconseils.fr\/index.php\/protection-des-donnees\/","title":{"rendered":"PROTECTION DES DONN\u00c9ES"},"content":{"rendered":"<p>[et_pb_section fb_built=\u00a0\u00bb1&Prime; fullwidth=\u00a0\u00bbon\u00a0\u00bb module_id=\u00a0\u00bbaccueil\u00a0\u00bb _builder_version=\u00a0\u00bb3.22&Prime; background_color=\u00a0\u00bb#ffffff\u00a0\u00bb custom_margin=\u00a0\u00bb0px||0px\u00a0\u00bb custom_padding=\u00a0\u00bb0px|0px|0|0px|false|false\u00a0\u00bb hover_transition_duration=\u00a0\u00bb800ms\u00a0\u00bb locked=\u00a0\u00bboff\u00a0\u00bb][et_pb_fullwidth_slider _builder_version=\u00a0\u00bb3.19.5&Prime; header_font=\u00a0\u00bb||||||||\u00a0\u00bb body_font=\u00a0\u00bb||||||||\u00a0\u00bb background_color=\u00a0\u00bb#ffffff\u00a0\u00bb animation_style=\u00a0\u00bbfade\u00a0\u00bb animation_duration=\u00a0\u00bb5000ms\u00a0\u00bb animation_starting_opacity=\u00a0\u00bb100%\u00a0\u00bb animation_speed_curve=\u00a0\u00bblinear\u00a0\u00bb hover_transition_duration=\u00a0\u00bb5000ms\u00a0\u00bb][et_pb_slide button_text=\u00a0\u00bbNOS PRESTATIONS\u00a0\u00bb button_link=\u00a0\u00bbhttps:\/\/www.jtechconseils.fr\/index.php\/nos-prestations\/\u00a0\u00bb use_bg_overlay=\u00a0\u00bbon\u00a0\u00bb bg_overlay_color=\u00a0\u00bbrgba(0,0,0,0.58)\u00a0\u00bb use_text_overlay=\u00a0\u00bboff\u00a0\u00bb _builder_version=\u00a0\u00bb3.19.5&Prime; header_level=\u00a0\u00bbh1&Prime; header_font=\u00a0\u00bbArchivo Narrow|700|||||||\u00a0\u00bb header_text_align=\u00a0\u00bbcenter\u00a0\u00bb header_text_color=\u00a0\u00bb#ffffff\u00a0\u00bb header_font_size=\u00a0\u00bb42px\u00a0\u00bb header_line_height=\u00a0\u00bb1.3em\u00a0\u00bb body_font=\u00a0\u00bbArchivo Narrow||||||||\u00a0\u00bb body_text_color=\u00a0\u00bb#7cda24&Prime; body_font_size=\u00a0\u00bb19px\u00a0\u00bb body_line_height=\u00a0\u00bb1.3em\u00a0\u00bb background_color=\u00a0\u00bb#afca13&Prime; background_image=\u00a0\u00bbhttps:\/\/www.jtechconseils.fr\/wp-content\/uploads\/2019\/01\/SLIDER-02.jpeg\u00a0\u00bb custom_button=\u00a0\u00bbon\u00a0\u00bb button_text_size=\u00a0\u00bb13px\u00a0\u00bb button_text_color=\u00a0\u00bb#ffffff\u00a0\u00bb button_border_width=\u00a0\u00bb1px\u00a0\u00bb button_border_radius=\u00a0\u00bb39px\u00a0\u00bb button_letter_spacing=\u00a0\u00bb1px\u00a0\u00bb button_font=\u00a0\u00bbArchivo Narrow||||||||\u00a0\u00bb button_use_icon=\u00a0\u00bbon\u00a0\u00bb button_icon=\u00a0\u00bb%%20%%\u00a0\u00bb button_icon_color=\u00a0\u00bb#ffffff\u00a0\u00bb button_on_hover=\u00a0\u00bbon\u00a0\u00bb button_alignment=\u00a0\u00bbcenter\u00a0\u00bb custom_padding=\u00a0\u00bb300px|0px|300px|0px\u00a0\u00bb hover_transition_duration=\u00a0\u00bb2000ms\u00a0\u00bb hover_transition_delay=\u00a0\u00bb50ms\u00a0\u00bb hover_transition_speed_curve=\u00a0\u00bbease-in-out\u00a0\u00bb sticky_transition=\u00a0\u00bbon\u00a0\u00bb]<\/p>\n<p style=\"text-align: center;\"><strong style=\"color: #afca13;\"><strong><img loading=\"lazy\" src=\"https:\/\/www.jtechconseils.fr\/wp-content\/uploads\/2019\/02\/logo-jtech-blanc-1024x183.png\" width=\"332\" height=\"59\" alt=\"\" class=\"wp-image-799 aligncenter size-large\" srcset=\"https:\/\/www.jtechconseils.fr\/wp-content\/uploads\/2019\/02\/logo-jtech-blanc-1024x183.png 1024w, https:\/\/www.jtechconseils.fr\/wp-content\/uploads\/2019\/02\/logo-jtech-blanc-300x54.png 300w, https:\/\/www.jtechconseils.fr\/wp-content\/uploads\/2019\/02\/logo-jtech-blanc-768x137.png 768w, https:\/\/www.jtechconseils.fr\/wp-content\/uploads\/2019\/02\/logo-jtech-blanc-1080x193.png 1080w, https:\/\/www.jtechconseils.fr\/wp-content\/uploads\/2019\/02\/logo-jtech-blanc-610x109.png 610w, https:\/\/www.jtechconseils.fr\/wp-content\/uploads\/2019\/02\/logo-jtech-blanc.png 1166w\" sizes=\"(max-width: 332px) 100vw, 332px\" \/><\/strong><\/strong><\/p>\n<p style=\"text-align: center;\"><strong style=\"color: #afca13;\">&#8211; Ing\u00e9nierie &amp; ma\u00eetrise d&rsquo;\u0153uvre &#8211;<\/strong><\/p>\n<p style=\"text-align: center;\"><span style=\"color: #ffffff;\">Un partenaire de choix pour l&rsquo;ensemble de vos projets de construction, r\u00e9novation et am\u00e9nagements int\u00e9rieurs<\/span><\/p>\n<p>[\/et_pb_slide][\/et_pb_fullwidth_slider][\/et_pb_section][et_pb_section fb_built=\u00a0\u00bb1&Prime; module_id=\u00a0\u00bbsociete\u00a0\u00bb _builder_version=\u00a0\u00bb3.22&Prime; background_color=\u00a0\u00bbrgba(135,135,135,0)\u00a0\u00bb custom_padding=\u00a0\u00bb70px|0px|80px|0px|false|false\u00a0\u00bb][et_pb_row _builder_version=\u00a0\u00bb4.6.1&Prime; _module_preset=\u00a0\u00bbdefault\u00a0\u00bb][et_pb_column type=\u00a0\u00bb4_4&Prime; _builder_version=\u00a0\u00bb4.6.1&Prime; _module_preset=\u00a0\u00bbdefault\u00a0\u00bb][et_pb_text _builder_version=\u00a0\u00bb4.6.1&Prime; _module_preset=\u00a0\u00bbdefault\u00a0\u00bb]<\/p>\n<h3><strong>Protection des donn\u00e9es<\/strong><\/h3>\n<p>[\/et_pb_text][et_pb_text _builder_version=\u00a0\u00bb4.6.1&Prime; _module_preset=\u00a0\u00bbdefault\u00a0\u00bb]<\/p>\n<div class=\"seocrawler-page-wrapper\" id=\"seocrawler-page-wrapper\">\n<div class=\"gdlr-core-page-builder-body\">\n<div class=\"gdlr-core-pbf-wrapper \">\n<div class=\"gdlr-core-pbf-wrapper-content gdlr-core-js \">\n<div class=\"gdlr-core-pbf-wrapper-container clearfix gdlr-core-container\">\n<div class=\"gdlr-core-pbf-column gdlr-core-column-60 gdlr-core-column-first\">\n<div class=\"gdlr-core-pbf-column-content-margin gdlr-core-js \">\n<div class=\"gdlr-core-pbf-column-content clearfix gdlr-core-js \">\n<div class=\"gdlr-core-pbf-element\">\n<div class=\"gdlr-core-text-box-item gdlr-core-item-pdlr gdlr-core-item-pdb gdlr-core-left-align\">\n<div class=\"gdlr-core-text-box-item-content\" style=\"text-transform: none;\">\n<p>Une donn\u00e9e personnelle correspond \u00e0 toute information se rapportant \u00e0 une personne physique identifi\u00e9e ou identifiable, de fa\u00e7on directe ou indirecte.<\/p>\n<p>En navigant sur le Site, vous pouvez \u00eatre invit\u00e9 \u00e0 fournir des donn\u00e9es personnelles qui vous concernent ou qui sont relatives \u00e0 un tiers. Cette collecte s\u2019effectue lorsque vous :<\/p>\n<ul>\n<li>Nous contactez par le formulaire<\/li>\n<li>Adh\u00e9rez \u00e0 la newsletter<\/li>\n<li>Laissez un avis sur un article<\/li>\n<li>Partagez une page par l\u2019interm\u00e9diaire d\u2019un r\u00e9seau social.<\/li>\n<\/ul>\n<p><strong>La finalit\u00e9 de collecte :<\/strong><\/p>\n<p>Les donn\u00e9es collect\u00e9es servent \u00e0 :<\/p>\n<ul>\n<li>Traitez vos demandes<\/li>\n<li>\u00c9tablir une communication r\u00e9guli\u00e8re par le biais de newsletters (uniquement si vous vous inscrivez)<\/li>\n<li>Promouvoir nos articles<\/li>\n<\/ul>\n<p><strong>Le fondement juridique :<\/strong><\/p>\n<p>La collecte des donn\u00e9es personnelles du Site est effectu\u00e9e sur la base de votre consentement. Remarque : Vous pouvez retirer votre consentement pour chaque finalit\u00e9 sur simple demande.<\/p>\n<p><strong>Les informations n\u00e9cessaires \u00e0 l\u2019ex\u00e9cution des finalit\u00e9s :<\/strong><\/p>\n<p>Toutes les informations n\u00e9cessaires \u00e0 l\u2019ex\u00e9cution des finalit\u00e9s sont indiqu\u00e9es par une ast\u00e9rix (*).<\/p>\n<p><strong>Les destinataires des traitements de donn\u00e9es :<\/strong><\/p>\n<p>Les donn\u00e9es recueillies font l\u2019objet d\u2019un traitement informatis\u00e9 uniquement destin\u00e9 \u00e0 la Soci\u00e9t\u00e9.<\/p>\n<p><strong>Vos droits concernant vos donn\u00e9es personnelles :<\/strong><\/p>\n<p>Conform\u00e9ment \u00e0 la loi \u00ab informatique et libert\u00e9s \u00bb du 6 janvier 1978 modifi\u00e9e et au R\u00e8glement europ\u00e9en n\u00b02016\/679\/UE du 27 avril 2016, vous b\u00e9n\u00e9ficiez des droits d\u2019information, d\u2019acc\u00e8s, de rectification, d\u2019opposition, d\u2019effacement, de limitation, et de portabilit\u00e9.<\/p>\n<p>L\u2019ensemble de ces droits s\u2019exerce aupr\u00e8s de la Soci\u00e9t\u00e9 par courrier accompagn\u00e9 d\u2019une copie d\u2019un titre d\u2019identit\u00e9 comportant une signature \u00e0 adresser \u00e0 :<\/p>\n<p>JTECH CONSEILS<br \/>4F RUE DE L ANCIEN HOPITAL<br \/>57200 SARREGUEMINES <br \/>France<\/p>\n<p>Ou par mail \u00e0 l\u2019adresse suivante : info@jtechconseils.fr en mentionnant votre nom et e-mail.<\/p>\n<p>Ou encore via notre formulaire de contact.<\/p>\n<p>Vous pouvez \u00e9galement vous inscrire sur la liste d\u2019opposition au d\u00e9marchage t\u00e9l\u00e9phonique \u00ab Bloctel \u00bb https:\/\/conso.bloctel.fr\/<\/p>\n<p><strong>La dur\u00e9e de conservation des donn\u00e9es personnelles :<\/strong><\/p>\n<p>Par d\u00e9faut, toutes vos donn\u00e9es personnelles seront automatiquement supprim\u00e9es du Site :<\/p>\n<ul>\n<li>Au bout de 3 ans lors de l\u2019utilisation du formulaire de contact<\/li>\n<li>Au bout de 10 ans pour la publication des articles et avis<\/li>\n<li>D\u00e8s votre d\u00e9sinscription de la newsletter.<\/li>\n<\/ul>\n<p><strong>Les transferts de donn\u00e9es hors Union Europ\u00e9enne :<\/strong><\/p>\n<p>La Soci\u00e9t\u00e9 n\u2019effectue pas de transfert de donn\u00e9es hors Union Europ\u00e9enne<\/p>\n<p><strong>La s\u00e9curit\u00e9 de vos donn\u00e9es personnelles :<\/strong><\/p>\n<p>La Soci\u00e9t\u00e9 a mis en \u0153uvre des mesures organisationnelles, techniques, logicielles et physiques en mati\u00e8re de s\u00e9curit\u00e9 du num\u00e9rique pour prot\u00e9ger les donn\u00e9es personnelles contre les alt\u00e9rations, destructions et acc\u00e8s non autoris\u00e9s.<\/p>\n<p>Toutes les donn\u00e9es que vous fournissez sur le Site sont prot\u00e9g\u00e9es au moyen du protocole TLSv1.2<\/p>\n<p><strong>Atteintes \u00e0 la protection des donn\u00e9es personnelles :<\/strong><\/p>\n<p>La Soci\u00e9t\u00e9 notifie \u00e0 l\u2019autorit\u00e9 de contr\u00f4le comp\u00e9tente (la CNIL), les violations de donn\u00e9es \u00e0 caract\u00e8re personnel dans les meilleurs d\u00e9lais et, si possible, 72 heures au plus tard apr\u00e8s en avoir pris connaissance, \u00e0 moins que la violation en question ne soit pas susceptible d\u2019engendrer un risque pour les droits et libert\u00e9s des personnes physiques.<\/p>\n<p>Si cette violation est susceptible d\u2019engendrer un risque \u00e9lev\u00e9 pour les droits et libert\u00e9s d\u2019une personne physique, la Soci\u00e9t\u00e9 communique \u00e0 la personne concern\u00e9e, en des termes clairs et simples et par tout moyen \u00e0 sa disposition, la nature de la violation de donn\u00e9es \u00e0 caract\u00e8re personnel et contient au moins :<\/p>\n<ul>\n<li>La description de la nature de la violation de donn\u00e9es \u00e0 caract\u00e8re personnel y compris.<\/li>\n<li>Le nom et les coordonn\u00e9es du d\u00e9l\u00e9gu\u00e9 \u00e0 la protection des donn\u00e9es ou d\u2019un autre point de contact aupr\u00e8s duquel des informations suppl\u00e9mentaires peuvent \u00eatre obtenues.<\/li>\n<li>La description des cons\u00e9quences probables de la violation de donn\u00e9es \u00e0 caract\u00e8re personnel.<\/li>\n<li>La description des mesures prises ou que le responsable du traitement propose de prendre pour rem\u00e9dier \u00e0 la violation de donn\u00e9es \u00e0 caract\u00e8re personnel, y compris, le cas \u00e9ch\u00e9ant, les mesures pour en att\u00e9nuer les \u00e9ventuelles cons\u00e9quences n\u00e9gatives.<\/li>\n<\/ul>\n<p>La Soci\u00e9t\u00e9 proc\u00e9dera \u00e0 toutes investigations utiles et n\u00e9cessaires pour rem\u00e9dier \u00e0 ladite violation, et en informera la personne concern\u00e9e.<\/p>\n<p><strong>Litige relatif \u00e0 vos donn\u00e9es personnelles :<\/strong><\/p>\n<p>En cas de litige sur le traitement de vos donn\u00e9es personnelles, vous pouvez contacter :<\/p>\n<ul>\n<li>Notre service clients<\/li>\n<li>La Commission Nationale de l\u2019Informatique et des Libert\u00e9s (CNIL) : https:\/\/www.cnil.fr\/fr\/vous-souhaitez-contacter-la-cnil<\/li>\n<\/ul>\n<p><strong>Les cookies<\/strong><\/p>\n<p>Un Cookie est un fichier d\u00e9pos\u00e9 sur votre terminal par le Site.<\/p>\n<p><strong>Les cookies exempt\u00e9s de consentement :<\/strong><\/p>\n<p>Il s\u2019agit des cookies et\/ou traceurs n\u00e9cessaires \u00e0 la consultation du Site.<\/p>\n<p>Pour les supprimer et\/ou avoir plus d\u2019informations sur les cookies, nous vous conseillons de consulter le site internet de la CNIL (Commission Nationale de l\u2019Informatique et des Libert\u00e9s) \u00e0 l\u2019adresse : https:\/\/www.cnil.fr\/fr\/cookies-les-outils-pour-les-maitriser<\/p>\n<p><strong>Les cookies n\u00e9cessitant le recueil du consentement pr\u00e9alable du Visiteur :<\/strong><\/p>\n<p>Voici la liste des types de cookies susceptibles d\u2019\u00eatre install\u00e9s sur le terminal du Visiteur s\u2019il donne express\u00e9ment son accord, ou poursuit sa navigation (la Soci\u00e9t\u00e9 ne communique pas d\u2019informations personnelles sur ses Visiteurs aux r\u00e9gies publicitaires, ni aux sites tiers qui affichent nos annonces bas\u00e9es sur les centres d\u2019int\u00e9r\u00eat des Visiteurs).<\/p>\n<ul>\n<li>Les cookies publicitaires : Proposer des publicit\u00e9s les plus pertinentes possibles.<\/li>\n<li>Les cookies d\u2019APIs : Charger des scripts interactifs de g\u00e9olocalisation et de s\u00e9curit\u00e9.<\/li>\n<li>Les cookies de mesure d\u2019audience : \u00c9tablir des statistiques sur les visites et visiteurs.<\/li>\n<li>Les cookies de commentaire : Commenter des pages ou articles du Site.<\/li>\n<li>Les cookies de r\u00e9seaux sociaux : Interagir avec les r\u00e9seaux sociaux en partageant des contenus, commentaires et avis.<\/li>\n<li>Les cookies de vid\u00e9os : Consulter des vid\u00e9os informatives relatives \u00e0 nos produits et services, h\u00e9berg\u00e9es sur des plateformes tierces.<\/li>\n<\/ul>\n<p>L\u2019ensemble de ces cookies peuvent \u00eatre autoris\u00e9s ou refus\u00e9s par le Visiteur \u00e0 tout moment, depuis le panneau de gestion des cookies du Site.<\/p>\n<p><strong>Dur\u00e9e de vie des cookies :<\/strong><\/p>\n<p>La dur\u00e9e de vie maximale des cookies du Site est de 13 mois.<\/p>\n<\/div>\n<\/div>\n<\/div>\n<\/div>\n<\/div>\n<\/div>\n<\/div>\n<\/div>\n<\/div>\n<\/div>\n<\/div>\n<p>[\/et_pb_text][\/et_pb_column][\/et_pb_row][\/et_pb_section][et_pb_section fb_built=\u00a0\u00bb1&Prime; admin_label=\u00a0\u00bbContact Us\u00a0\u00bb _builder_version=\u00a0\u00bb3.22&Prime; background_color=\u00a0\u00bbrgba(0,0,0,0.65)\u00a0\u00bb background_image=\u00a0\u00bbhttps:\/\/www.jtechconseils.fr\/wp-content\/uploads\/2019\/01\/Klein7.jpg\u00a0\u00bb background_blend=\u00a0\u00bbmultiply\u00a0\u00bb custom_padding=\u00a0\u00bb30px|0px|29px|0px|false|false\u00a0\u00bb filter_contrast=\u00a0\u00bb127%\u00a0\u00bb locked=\u00a0\u00bboff\u00a0\u00bb collapsed=\u00a0\u00bboff\u00a0\u00bb][et_pb_row column_structure=\u00a0\u00bb1_2,1_2&Prime; use_custom_gutter=\u00a0\u00bbon\u00a0\u00bb gutter_width=\u00a0\u00bb1&Prime; make_equal=\u00a0\u00bbon\u00a0\u00bb _builder_version=\u00a0\u00bb3.25&Prime; background_size=\u00a0\u00bbinitial\u00a0\u00bb background_position=\u00a0\u00bbtop_left\u00a0\u00bb background_repeat=\u00a0\u00bbrepeat\u00a0\u00bb custom_margin=\u00a0\u00bb20px|||\u00a0\u00bb custom_padding=\u00a0\u00bb0||0||false|false\u00a0\u00bb][et_pb_column type=\u00a0\u00bb1_2&Prime; _builder_version=\u00a0\u00bb3.25&Prime; custom_padding=\u00a0\u00bb50px|50px|50px|50px\u00a0\u00bb custom_padding__hover=\u00a0\u00bb|||\u00a0\u00bb][et_pb_image src=\u00a0\u00bbhttps:\/\/www.jtechconseils.fr\/wp-content\/uploads\/2019\/01\/JTECH-CONSEILS-couleur-texte-blanc-01.png\u00a0\u00bb align_tablet=\u00a0\u00bbcenter\u00a0\u00bb align_phone=\u00a0\u00bb\u00a0\u00bb align_last_edited=\u00a0\u00bbon|desktop\u00a0\u00bb _builder_version=\u00a0\u00bb3.23&Prime; max_width=\u00a0\u00bb55%\u00a0\u00bb module_alignment=\u00a0\u00bbleft\u00a0\u00bb custom_margin=\u00a0\u00bb|||-12px\u00a0\u00bb][\/et_pb_image][et_pb_text _builder_version=\u00a0\u00bb3.27.4&Prime; text_font=\u00a0\u00bbArchivo Narrow||||||||\u00a0\u00bb text_text_color=\u00a0\u00bb#878787&Prime; text_letter_spacing=\u00a0\u00bb1px\u00a0\u00bb text_line_height=\u00a0\u00bb1.3em\u00a0\u00bb link_font=\u00a0\u00bb||||||||\u00a0\u00bb ul_font=\u00a0\u00bb||||||||\u00a0\u00bb header_font=\u00a0\u00bb||||||||\u00a0\u00bb header_text_color=\u00a0\u00bb#878787&Prime; custom_margin=\u00a0\u00bb20px||\u00a0\u00bb custom_padding=\u00a0\u00bb0px||\u00a0\u00bb]<\/p>\n<p>Associant architecture et ing\u00e9nierie, le cabinet JTECH CONSEILS vous propose d&rsquo;\u00eatre votre partenaire solide pour la conception et la r\u00e9alisation de vos b\u00e2timents.<\/p>\n<p>[\/et_pb_text][et_pb_text _builder_version=\u00a0\u00bb3.27.4&Prime; text_font=\u00a0\u00bbArchivo Narrow||||||||\u00a0\u00bb text_text_color=\u00a0\u00bbrgba(255,255,255,0.73)\u00a0\u00bb text_letter_spacing=\u00a0\u00bb1px\u00a0\u00bb text_line_height=\u00a0\u00bb1.3em\u00a0\u00bb link_font=\u00a0\u00bb||||||||\u00a0\u00bb ul_font=\u00a0\u00bb||||||||\u00a0\u00bb header_font=\u00a0\u00bb||||||||\u00a0\u00bb header_text_color=\u00a0\u00bb#878787&Prime; header_font_size=\u00a0\u00bb11px\u00a0\u00bb custom_margin=\u00a0\u00bb30px||\u00a0\u00bb custom_padding=\u00a0\u00bb0px||\u00a0\u00bb]<\/p>\n<p><strong>Si\u00e8ge social :<\/strong> 4F rue de l\u2019ancien H\u00f4pital 57200 SARREGUEMINES<br \/> <strong>Bureau :<\/strong> 19 rue de France 57200 SARREGUEMINES<\/p>\n<p>[\/et_pb_text][et_pb_divider show_divider=\u00a0\u00bboff\u00a0\u00bb disabled_on=\u00a0\u00bbon|on|off%22%22%22%22&Prime; _builder_version=\u00a0\u00bb3.2&Prime; max_width=\u00a0\u00bb400px\u00a0\u00bb module_alignment=\u00a0\u00bbcenter\u00a0\u00bb height=\u00a0\u00bb2px\u00a0\u00bb custom_margin=\u00a0\u00bb||0px|\u00a0\u00bb custom_padding=\u00a0\u00bb|||\u00a0\u00bb animation_style=\u00a0\u00bbzoom\u00a0\u00bb animation_intensity_zoom=\u00a0\u00bb20%\u00a0\u00bb][\/et_pb_divider][\/et_pb_column][et_pb_column type=\u00a0\u00bb1_2&Prime; _builder_version=\u00a0\u00bb3.25&Prime; custom_padding=\u00a0\u00bb50px|50px|50px|50px\u00a0\u00bb custom_padding__hover=\u00a0\u00bb|||\u00a0\u00bb][et_pb_text _builder_version=\u00a0\u00bb3.27.4&Prime; text_font=\u00a0\u00bb||||||||\u00a0\u00bb text_text_color=\u00a0\u00bb#afca13&Prime; text_font_size=\u00a0\u00bb12px\u00a0\u00bb text_letter_spacing=\u00a0\u00bb3px\u00a0\u00bb text_orientation=\u00a0\u00bbright\u00a0\u00bb custom_margin=\u00a0\u00bb100px||\u00a0\u00bb]<\/p>\n<p>CONTACTEZ-NOUS<\/p>\n<p>[\/et_pb_text][et_pb_text _builder_version=\u00a0\u00bb3.27.4&Prime; text_font=\u00a0\u00bbArchivo Narrow||||||||\u00a0\u00bb text_text_color=\u00a0\u00bbrgba(255,255,255,0.73)\u00a0\u00bb text_letter_spacing=\u00a0\u00bb1px\u00a0\u00bb text_line_height=\u00a0\u00bb1.5em\u00a0\u00bb link_font=\u00a0\u00bb||||||||\u00a0\u00bb ul_font=\u00a0\u00bb||||||||\u00a0\u00bb header_font=\u00a0\u00bb||||||||\u00a0\u00bb header_text_color=\u00a0\u00bb#878787&Prime; text_orientation=\u00a0\u00bbright\u00a0\u00bb custom_margin=\u00a0\u00bb29px||\u00a0\u00bb custom_padding=\u00a0\u00bb0px||\u00a0\u00bb]<\/p>\n<p>Jordi MAMAN<br \/> info@jtechconseils.fr<br \/> + 33 (0) 3 87 09 30 44<\/p>\n<p>[\/et_pb_text][\/et_pb_column][\/et_pb_row][et_pb_row _builder_version=\u00a0\u00bb3.25&Prime; custom_padding=\u00a0\u00bb1px|0px|6px|0px|false|false\u00a0\u00bb][et_pb_column type=\u00a0\u00bb4_4&Prime; _builder_version=\u00a0\u00bb3.25&Prime; custom_padding=\u00a0\u00bb|||\u00a0\u00bb custom_padding__hover=\u00a0\u00bb|||\u00a0\u00bb][et_pb_divider color=\u00a0\u00bb#4b4a4a\u00a0\u00bb _builder_version=\u00a0\u00bb3.19.5&Prime;][\/et_pb_divider][\/et_pb_column][\/et_pb_row][et_pb_row column_structure=\u00a0\u00bb3_5,2_5&Prime; _builder_version=\u00a0\u00bb3.25&Prime; custom_padding=\u00a0\u00bb36px|0px|0|0px|false|false\u00a0\u00bb][et_pb_column type=\u00a0\u00bb3_5&Prime; _builder_version=\u00a0\u00bb3.25&Prime; custom_padding=\u00a0\u00bb|||\u00a0\u00bb custom_padding__hover=\u00a0\u00bb|||\u00a0\u00bb][et_pb_text _builder_version=\u00a0\u00bb4.6.1&Prime; text_font=\u00a0\u00bbArchivo Narrow||||||||\u00a0\u00bb text_text_color=\u00a0\u00bb#ffffff\u00a0\u00bb text_font_size=\u00a0\u00bb11px\u00a0\u00bb text_letter_spacing=\u00a0\u00bb1px\u00a0\u00bb custom_margin=\u00a0\u00bb-36px|||45px\u00a0\u00bb hover_enabled=\u00a0\u00bb0&Prime; sticky_enabled=\u00a0\u00bb0&Prime;]<\/p>\n<p>JTECH CONSEILS\u00a9 2020 I <a href=\"https:\/\/www.jtechconseils.fr\/index.php\/mentions-legales\/\">MENTIONS L\u00c9GALES<\/a>\u00a0I <a href=\"https:\/\/www.jtechconseils.fr\/index.php\/conditions-dutilisation\/\">CONDITIONS D&rsquo;UTILISATION<\/a> I <a href=\"https:\/\/www.jtechconseils.fr\/index.php\/protection-des-donnees\/\">PROTECTION DES DONN\u00c9ES<\/a> I CONCEPTION PICTOPIA SARREGUEMINES<\/p>\n<p>[\/et_pb_text][\/et_pb_column][et_pb_column type=\u00a0\u00bb2_5&Prime; _builder_version=\u00a0\u00bb3.25&Prime; custom_padding=\u00a0\u00bb|||\u00a0\u00bb custom_padding__hover=\u00a0\u00bb|||\u00a0\u00bb][\/et_pb_column][\/et_pb_row][\/et_pb_section]<\/p>\n","protected":false},"excerpt":{"rendered":"<p>[et_pb_section fb_built=\u00a0\u00bb1&Prime; fullwidth=\u00a0\u00bbon\u00a0\u00bb module_id=\u00a0\u00bbaccueil\u00a0\u00bb _builder_version=\u00a0\u00bb3.22&Prime; background_color=\u00a0\u00bb#ffffff\u00a0\u00bb custom_margin=\u00a0\u00bb0px||0px\u00a0\u00bb custom_padding=\u00a0\u00bb0px|0px|0|0px|false|false\u00a0\u00bb hover_transition_duration=\u00a0\u00bb800ms\u00a0\u00bb locked=\u00a0\u00bboff\u00a0\u00bb][et_pb_fullwidth_slider _builder_version=\u00a0\u00bb3.19.5&Prime; header_font=\u00a0\u00bb||||||||\u00a0\u00bb body_font=\u00a0\u00bb||||||||\u00a0\u00bb background_color=\u00a0\u00bb#ffffff\u00a0\u00bb animation_style=\u00a0\u00bbfade\u00a0\u00bb animation_duration=\u00a0\u00bb5000ms\u00a0\u00bb animation_starting_opacity=\u00a0\u00bb100%\u00a0\u00bb animation_speed_curve=\u00a0\u00bblinear\u00a0\u00bb hover_transition_duration=\u00a0\u00bb5000ms\u00a0\u00bb][et_pb_slide button_text=\u00a0\u00bbNOS PRESTATIONS\u00a0\u00bb button_link=\u00a0\u00bbhttps:\/\/www.jtechconseils.fr\/index.php\/nos-prestations\/\u00a0\u00bb use_bg_overlay=\u00a0\u00bbon\u00a0\u00bb bg_overlay_color=\u00a0\u00bbrgba(0,0,0,0.58)\u00a0\u00bb use_text_overlay=\u00a0\u00bboff\u00a0\u00bb _builder_version=\u00a0\u00bb3.19.5&Prime; header_level=\u00a0\u00bbh1&Prime; header_font=\u00a0\u00bbArchivo Narrow|700|||||||\u00a0\u00bb header_text_align=\u00a0\u00bbcenter\u00a0\u00bb header_text_color=\u00a0\u00bb#ffffff\u00a0\u00bb header_font_size=\u00a0\u00bb42px\u00a0\u00bb header_line_height=\u00a0\u00bb1.3em\u00a0\u00bb body_font=\u00a0\u00bbArchivo Narrow||||||||\u00a0\u00bb body_text_color=\u00a0\u00bb#7cda24&Prime; body_font_size=\u00a0\u00bb19px\u00a0\u00bb body_line_height=\u00a0\u00bb1.3em\u00a0\u00bb background_color=\u00a0\u00bb#afca13&Prime; background_image=\u00a0\u00bbhttps:\/\/www.jtechconseils.fr\/wp-content\/uploads\/2019\/01\/SLIDER-02.jpeg\u00a0\u00bb custom_button=\u00a0\u00bbon\u00a0\u00bb button_text_size=\u00a0\u00bb13px\u00a0\u00bb button_text_color=\u00a0\u00bb#ffffff\u00a0\u00bb button_border_width=\u00a0\u00bb1px\u00a0\u00bb button_border_radius=\u00a0\u00bb39px\u00a0\u00bb button_letter_spacing=\u00a0\u00bb1px\u00a0\u00bb button_font=\u00a0\u00bbArchivo Narrow||||||||\u00a0\u00bb button_use_icon=\u00a0\u00bbon\u00a0\u00bb button_icon=\u00a0\u00bb%%20%%\u00a0\u00bb button_icon_color=\u00a0\u00bb#ffffff\u00a0\u00bb button_on_hover=\u00a0\u00bbon\u00a0\u00bb button_alignment=\u00a0\u00bbcenter\u00a0\u00bb custom_padding=\u00a0\u00bb300px|0px|300px|0px\u00a0\u00bb hover_transition_duration=\u00a0\u00bb2000ms\u00a0\u00bb [&hellip;]<\/p>\n","protected":false},"author":6,"featured_media":0,"parent":0,"menu_order":0,"comment_status":"closed","ping_status":"closed","template":"","meta":{"_et_pb_use_builder":"on","_et_pb_old_content":"","_et_gb_content_width":""},"_links":{"self":[{"href":"https:\/\/www.jtechconseils.fr\/index.php\/wp-json\/wp\/v2\/pages\/859"}],"collection":[{"href":"https:\/\/www.jtechconseils.fr\/index.php\/wp-json\/wp\/v2\/pages"}],"about":[{"href":"https:\/\/www.jtechconseils.fr\/index.php\/wp-json\/wp\/v2\/types\/page"}],"author":[{"embeddable":true,"href":"https:\/\/www.jtechconseils.fr\/index.php\/wp-json\/wp\/v2\/users\/6"}],"replies":[{"embeddable":true,"href":"https:\/\/www.jtechconseils.fr\/index.php\/wp-json\/wp\/v2\/comments?post=859"}],"version-history":[{"count":6,"href":"https:\/\/www.jtechconseils.fr\/index.php\/wp-json\/wp\/v2\/pages\/859\/revisions"}],"predecessor-version":[{"id":908,"href":"https:\/\/www.jtechconseils.fr\/index.php\/wp-json\/wp\/v2\/pages\/859\/revisions\/908"}],"wp:attachment":[{"href":"https:\/\/www.jtechconseils.fr\/index.php\/wp-json\/wp\/v2\/media?parent=859"}],"curies":[{"name":"wp","href":"https:\/\/api.w.org\/{rel}","templated":true}]}}