{"id":401,"date":"2019-01-25T11:05:00","date_gmt":"2019-01-25T10:05:00","guid":{"rendered":"https:\/\/www.jtechconseils.fr\/?page_id=401"},"modified":"2020-09-09T15:03:07","modified_gmt":"2020-09-09T13:03:07","slug":"nos-prestations","status":"publish","type":"page","link":"https:\/\/www.jtechconseils.fr\/index.php\/nos-prestations\/","title":{"rendered":"NOS PRESTATIONS"},"content":{"rendered":"<p>[et_pb_section fb_built=\u00a0\u00bb1&Prime; fullwidth=\u00a0\u00bbon\u00a0\u00bb module_id=\u00a0\u00bbaccueil\u00a0\u00bb _builder_version=\u00a0\u00bb3.22&Prime; background_color=\u00a0\u00bb#ffffff\u00a0\u00bb custom_margin=\u00a0\u00bb0px||0px\u00a0\u00bb custom_padding=\u00a0\u00bb0px|0px|0px|0px|false|false\u00a0\u00bb][et_pb_fullwidth_slider _builder_version=\u00a0\u00bb3.19.5&Prime; header_font=\u00a0\u00bb||||||||\u00a0\u00bb body_font=\u00a0\u00bb||||||||\u00a0\u00bb animation_style=\u00a0\u00bbfade\u00a0\u00bb animation_duration=\u00a0\u00bb5000ms\u00a0\u00bb animation_starting_opacity=\u00a0\u00bb100%\u00a0\u00bb animation_speed_curve=\u00a0\u00bblinear\u00a0\u00bb hover_transition_duration=\u00a0\u00bb5000ms\u00a0\u00bb hover_transition_speed_curve=\u00a0\u00bblinear\u00a0\u00bb][et_pb_slide use_bg_overlay=\u00a0\u00bbon\u00a0\u00bb bg_overlay_color=\u00a0\u00bbrgba(0,0,0,0.58)\u00a0\u00bb use_text_overlay=\u00a0\u00bboff\u00a0\u00bb _builder_version=\u00a0\u00bb3.19.5&Prime; header_level=\u00a0\u00bbh1&Prime; header_font=\u00a0\u00bbArchivo Narrow|700|||||||\u00a0\u00bb header_text_align=\u00a0\u00bbcenter\u00a0\u00bb header_text_color=\u00a0\u00bb#ffffff\u00a0\u00bb header_font_size=\u00a0\u00bb42px\u00a0\u00bb header_line_height=\u00a0\u00bb1.3em\u00a0\u00bb body_font=\u00a0\u00bbArchivo Narrow||||||||\u00a0\u00bb body_text_color=\u00a0\u00bb#7cda24&Prime; body_font_size=\u00a0\u00bb19px\u00a0\u00bb body_line_height=\u00a0\u00bb1.3em\u00a0\u00bb background_image=\u00a0\u00bbhttps:\/\/www.jtechconseils.fr\/wp-content\/uploads\/2019\/02\/AdobeStock_187973912-redim.jpeg\u00a0\u00bb custom_button=\u00a0\u00bbon\u00a0\u00bb button_text_size=\u00a0\u00bb13px\u00a0\u00bb button_text_color=\u00a0\u00bb#ffffff\u00a0\u00bb button_border_width=\u00a0\u00bb1px\u00a0\u00bb button_border_radius=\u00a0\u00bb39px\u00a0\u00bb button_letter_spacing=\u00a0\u00bb1px\u00a0\u00bb button_font=\u00a0\u00bbArchivo Narrow||||||||\u00a0\u00bb button_use_icon=\u00a0\u00bbon\u00a0\u00bb button_icon=\u00a0\u00bb%%20%%\u00a0\u00bb button_icon_color=\u00a0\u00bb#ffffff\u00a0\u00bb button_on_hover=\u00a0\u00bbon\u00a0\u00bb button_alignment=\u00a0\u00bbcenter\u00a0\u00bb custom_padding=\u00a0\u00bb300px|0px|300px|0px\u00a0\u00bb hover_transition_duration=\u00a0\u00bb2000ms\u00a0\u00bb hover_transition_delay=\u00a0\u00bb50ms\u00a0\u00bb hover_transition_speed_curve=\u00a0\u00bblinear\u00a0\u00bb sticky_transition=\u00a0\u00bbon\u00a0\u00bb]<\/p>\n<p><span style=\"color: #afca13;\"><strong><img loading=\"lazy\" src=\"https:\/\/www.jtechconseils.fr\/wp-content\/uploads\/2019\/02\/logo-jtech-blanc-1024x183.png\" width=\"332\" height=\"59\" alt=\"\" class=\"wp-image-799 aligncenter size-large\" srcset=\"https:\/\/www.jtechconseils.fr\/wp-content\/uploads\/2019\/02\/logo-jtech-blanc-1024x183.png 1024w, https:\/\/www.jtechconseils.fr\/wp-content\/uploads\/2019\/02\/logo-jtech-blanc-300x54.png 300w, https:\/\/www.jtechconseils.fr\/wp-content\/uploads\/2019\/02\/logo-jtech-blanc-768x137.png 768w, https:\/\/www.jtechconseils.fr\/wp-content\/uploads\/2019\/02\/logo-jtech-blanc-1080x193.png 1080w, https:\/\/www.jtechconseils.fr\/wp-content\/uploads\/2019\/02\/logo-jtech-blanc-610x109.png 610w, https:\/\/www.jtechconseils.fr\/wp-content\/uploads\/2019\/02\/logo-jtech-blanc.png 1166w\" sizes=\"(max-width: 332px) 100vw, 332px\" \/><\/strong><\/span><\/p>\n<p><span style=\"color: #afca13;\"><strong>&#8211; Ing\u00e9nierie &amp; ma\u00eetrise d&rsquo;\u0153uvre &#8211;<\/strong><\/span><\/p>\n<p style=\"text-align: center;\"><span color=\"#ffffff\" style=\"color: #ffffff;\">Ma\u00eetrise du process de conception et de travaux de A \u00e0 Z<\/span><\/p>\n<p>[\/et_pb_slide][\/et_pb_fullwidth_slider][\/et_pb_section][et_pb_section fb_built=\u00a0\u00bb1&Prime; _builder_version=\u00a0\u00bb3.22&Prime; background_color=\u00a0\u00bbrgba(135,135,135,0.07)\u00a0\u00bb custom_padding=\u00a0\u00bb92px|0px|92px|0px|false|false\u00a0\u00bb][et_pb_row _builder_version=\u00a0\u00bb3.25&Prime; custom_padding=\u00a0\u00bb0|0px|0|0px|false|false\u00a0\u00bb][et_pb_column type=\u00a0\u00bb4_4&Prime; _builder_version=\u00a0\u00bb3.25&Prime; custom_padding=\u00a0\u00bb|||\u00a0\u00bb custom_padding__hover=\u00a0\u00bb|||\u00a0\u00bb][et_pb_blurb title=\u00a0\u00bbOffre sur mesure\u00a0\u00bb use_icon=\u00a0\u00bbon\u00a0\u00bb font_icon=\u00a0\u00bb%%74%%\u00a0\u00bb icon_color=\u00a0\u00bb#abc900&Prime; icon_placement=\u00a0\u00bbleft\u00a0\u00bb use_icon_font_size=\u00a0\u00bbon\u00a0\u00bb icon_font_size=\u00a0\u00bb38px\u00a0\u00bb _builder_version=\u00a0\u00bb3.19.5&Prime; header_font=\u00a0\u00bbArchivo Narrow||||||||\u00a0\u00bb header_text_align=\u00a0\u00bbleft\u00a0\u00bb header_text_color=\u00a0\u00bb#878787&Prime; header_font_size=\u00a0\u00bb17px\u00a0\u00bb header_letter_spacing=\u00a0\u00bb1px\u00a0\u00bb header_line_height=\u00a0\u00bb2.3em\u00a0\u00bb][\/et_pb_blurb][et_pb_blurb title=\u00a0\u00bbMa\u00eetrise du process de conception et de travaux de A \u00e0 Z\u00a0\u00bb use_icon=\u00a0\u00bbon\u00a0\u00bb font_icon=\u00a0\u00bb%%102%%\u00a0\u00bb icon_color=\u00a0\u00bb#abc900&Prime; icon_placement=\u00a0\u00bbleft\u00a0\u00bb use_icon_font_size=\u00a0\u00bbon\u00a0\u00bb icon_font_size=\u00a0\u00bb38px\u00a0\u00bb _builder_version=\u00a0\u00bb3.19.5&Prime; header_font=\u00a0\u00bbArchivo Narrow||||||||\u00a0\u00bb header_text_align=\u00a0\u00bbleft\u00a0\u00bb header_text_color=\u00a0\u00bb#878787&Prime; header_font_size=\u00a0\u00bb17px\u00a0\u00bb header_letter_spacing=\u00a0\u00bb1px\u00a0\u00bb header_line_height=\u00a0\u00bb2.3em\u00a0\u00bb custom_padding=\u00a0\u00bb|||0px\u00a0\u00bb][\/et_pb_blurb][et_pb_blurb title=\u00a0\u00bbUn interlocuteur professionnel de confiance\u00a0\u00bb use_icon=\u00a0\u00bbon\u00a0\u00bb font_icon=\u00a0\u00bb%%258%%\u00a0\u00bb icon_color=\u00a0\u00bb#abc900&Prime; icon_placement=\u00a0\u00bbleft\u00a0\u00bb use_icon_font_size=\u00a0\u00bbon\u00a0\u00bb icon_font_size=\u00a0\u00bb38px\u00a0\u00bb _builder_version=\u00a0\u00bb3.19.5&Prime; header_font=\u00a0\u00bbArchivo Narrow||||||||\u00a0\u00bb header_text_align=\u00a0\u00bbleft\u00a0\u00bb header_text_color=\u00a0\u00bb#878787&Prime; header_font_size=\u00a0\u00bb17px\u00a0\u00bb header_letter_spacing=\u00a0\u00bb1px\u00a0\u00bb header_line_height=\u00a0\u00bb2.3em\u00a0\u00bb custom_padding=\u00a0\u00bb|||0px\u00a0\u00bb][\/et_pb_blurb][et_pb_blurb title=\u00a0\u00bbUne \u00e9quipe dynamique et exp\u00e9riment\u00e9e, compos\u00e9e de professionnels ind\u00e9pendants\u00a0\u00bb use_icon=\u00a0\u00bbon\u00a0\u00bb font_icon=\u00a0\u00bb%%159%%\u00a0\u00bb icon_color=\u00a0\u00bb#abc900&Prime; icon_placement=\u00a0\u00bbleft\u00a0\u00bb use_icon_font_size=\u00a0\u00bbon\u00a0\u00bb icon_font_size=\u00a0\u00bb38px\u00a0\u00bb _builder_version=\u00a0\u00bb3.19.5&Prime; header_font=\u00a0\u00bbArchivo Narrow||||||||\u00a0\u00bb header_text_align=\u00a0\u00bbleft\u00a0\u00bb header_text_color=\u00a0\u00bb#878787&Prime; header_font_size=\u00a0\u00bb17px\u00a0\u00bb header_letter_spacing=\u00a0\u00bb1px\u00a0\u00bb header_line_height=\u00a0\u00bb1.2em\u00a0\u00bb custom_padding=\u00a0\u00bb|||0px\u00a0\u00bb][\/et_pb_blurb][\/et_pb_column][\/et_pb_row][\/et_pb_section][et_pb_section fb_built=\u00a0\u00bb1&Prime; _builder_version=\u00a0\u00bb3.22&Prime; background_color=\u00a0\u00bbrgba(135,135,135,0)\u00a0\u00bb custom_padding=\u00a0\u00bb92px|0px|92px|0px|false|false\u00a0\u00bb][et_pb_row _builder_version=\u00a0\u00bb3.25&Prime; background_color=\u00a0\u00bbrgba(175,202,19,0)\u00a0\u00bb custom_padding=\u00a0\u00bb0px|0px|0|0px|false|false\u00a0\u00bb][et_pb_column type=\u00a0\u00bb4_4&Prime; _builder_version=\u00a0\u00bb3.25&Prime; custom_padding=\u00a0\u00bb|||\u00a0\u00bb custom_padding__hover=\u00a0\u00bb|||\u00a0\u00bb][et_pb_text _builder_version=\u00a0\u00bb3.27.4&Prime; text_font=\u00a0\u00bbArchivo Narrow||||||||\u00a0\u00bb text_text_color=\u00a0\u00bb#878787&Prime; text_font_size=\u00a0\u00bb17px\u00a0\u00bb text_line_height=\u00a0\u00bb1.3em\u00a0\u00bb text_orientation=\u00a0\u00bbjustified\u00a0\u00bb background_layout=\u00a0\u00bbdark\u00a0\u00bb custom_margin=\u00a0\u00bb0px|0px||0px\u00a0\u00bb custom_padding=\u00a0\u00bb|0px||0px\u00a0\u00bb]<\/p>\n<p><span style=\"color: #000000; font-size: x-large;\"><strong>\u00c9tude de faisabilit\u00e9 de vos projets immobiliers<\/strong><\/span><\/p>\n<p>Vous d\u00e9sirez investir dans l\u2019immobilier mais avez besoin d\u2019un partenaire capable d\u2019estimer vos travaux et formaliser votre plan d\u2019affaire\u00a0?<\/p>\n<p>Nous sommes en mesure d\u2019y r\u00e9pondre du fait de notre grande exp\u00e9rience dans l\u2019immobilier r\u00e9sidentiel et commercial depuis plus d\u2019une douzaine d\u2019ann\u00e9es, durant lesquelles nous avons r\u00e9alis\u00e9 pr\u00e8s de 500 logements et locaux locatifs, dont plus de 70 en tant qu\u2019investisseur bailleur.<\/p>\n<p>C\u2019est ainsi gr\u00e2ce \u00e0 cette particularit\u00e9 que nous saurons mieux que quiconque comprendre vos attentes en mati\u00e8re de rentabilit\u00e9 et mesurer les enjeux li\u00e9s \u00e0 tout projet immobilier, dans l\u2019unique but de faire de votre investissement un succ\u00e8s.<\/p>\n<p>&nbsp;<\/p>\n<p>[\/et_pb_text][et_pb_text _builder_version=\u00a0\u00bb3.27.4&Prime; text_font=\u00a0\u00bbArchivo Narrow||||||||\u00a0\u00bb text_text_color=\u00a0\u00bb#878787&Prime; text_font_size=\u00a0\u00bb17px\u00a0\u00bb text_line_height=\u00a0\u00bb1.3em\u00a0\u00bb text_orientation=\u00a0\u00bbjustified\u00a0\u00bb background_layout=\u00a0\u00bbdark\u00a0\u00bb custom_margin=\u00a0\u00bb0px|0px||0px\u00a0\u00bb custom_padding=\u00a0\u00bb|0px||0px\u00a0\u00bb]<\/p>\n<p>&nbsp;<\/p>\n<p><span style=\"font-size: x-large; color: #000000;\"><strong>Mission compl\u00e8te de ma\u00eetrise d&rsquo;oeuvre<\/strong><\/span><\/p>\n<p class=\"p1\"><span class=\"s1\">En tant que ma\u00eetre d&rsquo;\u0153uvre, nous vous proposons de :<\/span><\/p>\n<p class=\"p1\"><span class=\"s1\">&#8211; Concevoir votre projet en collaboration avec nos partenaires projeteurs et architectes ;<\/span><\/p>\n<p class=\"p1\"><span class=\"s1\">&#8211; \u00c9laborer le\u00a0cahier des clauses techniques particuli\u00e8res, le dossier descriptif quantitatif afin de proc\u00e9der \u00e0 l\u2019appel d\u2019offre ;\u00a0<\/span><\/p>\n<p class=\"p1\"><span class=\"s1\">&#8211; Contr\u00f4ler la bonne ex\u00e9cution des travaux ;<\/span><\/p>\n<p class=\"p1\"><span class=\"s1\">&#8211; \u00catre l\u2019interface entre les entreprises charg\u00e9es d\u2019ex\u00e9cuter les travaux et vous m\u00eame<\/span><\/p>\n<p class=\"p1\"><span class=\"s1\"><\/span><\/p>\n<p>[\/et_pb_text][et_pb_toggle title=\u00a0\u00bbNos missions\u00a0\u00bb open_toggle_text_color=\u00a0\u00bb#ffffff\u00a0\u00bb open_toggle_background_color=\u00a0\u00bbrgba(175,202,19,0.73)\u00a0\u00bb closed_toggle_text_color=\u00a0\u00bb#ffffff\u00a0\u00bb closed_toggle_background_color=\u00a0\u00bbrgba(175,202,19,0.81)\u00a0\u00bb icon_color=\u00a0\u00bb#ffffff\u00a0\u00bb _builder_version=\u00a0\u00bb3.20.2&Prime; title_text_color=\u00a0\u00bb#ffffff\u00a0\u00bb title_font=\u00a0\u00bbArchivo Narrow|600|||||||\u00a0\u00bb title_font_size=\u00a0\u00bb24px\u00a0\u00bb body_font=\u00a0\u00bbArchivo Narrow||||||||\u00a0\u00bb body_text_color=\u00a0\u00bb#ffffff\u00a0\u00bb body_font_size=\u00a0\u00bb17px\u00a0\u00bb body_line_height=\u00a0\u00bb1em\u00a0\u00bb background_color=\u00a0\u00bb#afca13&Prime; text_orientation=\u00a0\u00bbleft\u00a0\u00bb custom_margin=\u00a0\u00bb-29px|0px|73px|0px\u00a0\u00bb custom_padding=\u00a0\u00bb11px|20px|11px|27px\u00a0\u00bb border_width_all=\u00a0\u00bb0px\u00a0\u00bb border_color_all=\u00a0\u00bb#7cda24&Prime;]<\/p>\n<p class=\"p1\"><span class=\"s1\">&#8211; les \u00e9tudes d&rsquo;esquisse<\/span><\/p>\n<p class=\"p1\"><span class=\"s1\">&#8211; les \u00e9tudes d&rsquo;avant-projet<\/span><\/p>\n<p class=\"p1\"><span class=\"s1\">&#8211; les \u00e9tudes de projet<\/span><\/p>\n<p class=\"p1\"><span class=\"s1\">&#8211; les appels d\u2019offres et la r\u00e9daction des march\u00e9s\u00a0de travaux<\/span><\/p>\n<p class=\"p1\"><span class=\"s1\">&#8211; les \u00e9tudes d&rsquo;ex\u00e9cution<\/span><\/p>\n<p class=\"p1\"><span class=\"s1\">&#8211; la direction de l&rsquo;ex\u00e9cution du contrat de\u00a0travaux<\/span><\/p>\n<p class=\"p1\"><span class=\"s1\">&#8211; l&rsquo;ordonnancement, le pilotage et la coordination\u00a0du chantier<\/span><\/p>\n<p class=\"p1\"><span class=\"s1\">&#8211; l&rsquo;assistance lors des op\u00e9rations de r\u00e9ception et\u00a0pendant la p\u00e9riode de garantie de parfait ach\u00e8vement<\/span><\/p>\n<p>[\/et_pb_toggle][et_pb_text _builder_version=\u00a0\u00bb3.27.4&Prime; text_font=\u00a0\u00bbArchivo Narrow||||||||\u00a0\u00bb text_text_color=\u00a0\u00bb#878787&Prime; text_font_size=\u00a0\u00bb17px\u00a0\u00bb text_line_height=\u00a0\u00bb1.3em\u00a0\u00bb text_orientation=\u00a0\u00bbjustified\u00a0\u00bb background_layout=\u00a0\u00bbdark\u00a0\u00bb custom_margin=\u00a0\u00bb30px|0px||0px\u00a0\u00bb custom_padding=\u00a0\u00bb40px|0px||0px\u00a0\u00bb]<\/p>\n<p><span style=\"font-size: x-large; color: #000000;\"><strong>R\u00e9alisation de vos b\u00e2timents &amp; am\u00e9nagements \u00ab\u00a0clefs en main\u00a0\u00bb<\/strong><\/span><\/p>\n<p class=\"p1\"><span class=\"s1\"><\/span><\/p>\n<p>[\/et_pb_text][\/et_pb_column][\/et_pb_row][et_pb_row _builder_version=\u00a0\u00bb3.25&Prime; custom_margin=\u00a0\u00bb7px||\u00a0\u00bb custom_padding=\u00a0\u00bb3px|0px|0px|0px|false|false\u00a0\u00bb column_structure=\u00a0\u00bb1_2,1_2&Prime;][et_pb_column type=\u00a0\u00bb1_2&Prime; _builder_version=\u00a0\u00bb3.25&Prime; custom_padding=\u00a0\u00bb|||\u00a0\u00bb custom_padding__hover=\u00a0\u00bb|||\u00a0\u00bb][et_pb_image src=\u00a0\u00bbhttps:\/\/www.jtechconseils.fr\/wp-content\/uploads\/2019\/01\/Gero2-1.jpg\u00a0\u00bb align_tablet=\u00a0\u00bbcenter\u00a0\u00bb align_last_edited=\u00a0\u00bbon|desktop\u00a0\u00bb _builder_version=\u00a0\u00bb3.23&Prime; box_shadow_style=\u00a0\u00bbpreset1&Prime; box_shadow_horizontal=\u00a0\u00bb1px\u00a0\u00bb box_shadow_vertical=\u00a0\u00bb3px\u00a0\u00bb box_shadow_blur=\u00a0\u00bb24px\u00a0\u00bb box_shadow_spread=\u00a0\u00bb2px\u00a0\u00bb][\/et_pb_image][\/et_pb_column][et_pb_column type=\u00a0\u00bb1_2&Prime; _builder_version=\u00a0\u00bb3.25&Prime; custom_padding=\u00a0\u00bb|||\u00a0\u00bb custom_padding__hover=\u00a0\u00bb|||\u00a0\u00bb][et_pb_image src=\u00a0\u00bbhttps:\/\/www.jtechconseils.fr\/wp-content\/uploads\/2019\/01\/Gero1-1.jpg\u00a0\u00bb align_tablet=\u00a0\u00bbcenter\u00a0\u00bb align_last_edited=\u00a0\u00bbon|desktop\u00a0\u00bb _builder_version=\u00a0\u00bb3.23&Prime; box_shadow_style=\u00a0\u00bbpreset1&Prime; box_shadow_horizontal=\u00a0\u00bb1px\u00a0\u00bb box_shadow_vertical=\u00a0\u00bb3px\u00a0\u00bb box_shadow_blur=\u00a0\u00bb24px\u00a0\u00bb box_shadow_spread=\u00a0\u00bb2px\u00a0\u00bb][\/et_pb_image][\/et_pb_column][\/et_pb_row][et_pb_row _builder_version=\u00a0\u00bb3.25&Prime; custom_padding=\u00a0\u00bb73px|0px|0|0px|false|false\u00a0\u00bb][et_pb_column type=\u00a0\u00bb4_4&Prime; _builder_version=\u00a0\u00bb3.25&Prime; custom_padding=\u00a0\u00bb|||\u00a0\u00bb custom_padding__hover=\u00a0\u00bb|||\u00a0\u00bb][et_pb_text _builder_version=\u00a0\u00bb3.27.4&Prime; text_font=\u00a0\u00bbArchivo Narrow||||||||\u00a0\u00bb text_text_color=\u00a0\u00bb#878787&Prime; text_font_size=\u00a0\u00bb17px\u00a0\u00bb text_line_height=\u00a0\u00bb1.3em\u00a0\u00bb text_orientation=\u00a0\u00bbjustified\u00a0\u00bb background_layout=\u00a0\u00bbdark\u00a0\u00bb custom_margin=\u00a0\u00bb17px|0px||0px\u00a0\u00bb custom_padding=\u00a0\u00bb26px|0px||0px\u00a0\u00bb]<\/p>\n<p><span style=\"font-size: x-large; color: #000000;\"><strong>Conseils en r\u00e9novation \u00e9nerg\u00e9tique<\/strong><\/span><\/p>\n<p class=\"p1\"><span class=\"s1\">Pionnier dans le domaine de l\u2019efficacit\u00e9 \u00e9nerg\u00e9tique et de\u00a0la haute qualit\u00e9 environnementale, Jordi MAMAN est titulaire depuis 2005 d\u2019un\u00a0master en d\u00e9veloppement urbain durable.<\/span><\/p>\n<p class=\"p1\"><span class=\"s1\">De plus, notre cabinet s\u2019est dot\u00e9 depuis longtemps d\u2019une\u00a0tr\u00e8s grande exp\u00e9rience en mati\u00e8re de r\u00e9novation lourde.<\/span><\/p>\n<p class=\"p1\"><span class=\"s1\">Fort de ces atouts, nous sommes \u00e0 votre \u00e9coute pour tout\u00a0projet de r\u00e9novation \u00e9nerg\u00e9tique.<\/span><\/p>\n<p>[\/et_pb_text][\/et_pb_column][\/et_pb_row][\/et_pb_section][et_pb_section fb_built=\u00a0\u00bb1&Prime; admin_label=\u00a0\u00bbContact Us\u00a0\u00bb _builder_version=\u00a0\u00bb3.22&Prime; background_color=\u00a0\u00bbrgba(0,0,0,0.65)\u00a0\u00bb background_image=\u00a0\u00bbhttps:\/\/www.jtechconseils.fr\/wp-content\/uploads\/2019\/01\/Klein7.jpg\u00a0\u00bb background_blend=\u00a0\u00bbmultiply\u00a0\u00bb custom_padding=\u00a0\u00bb30px|0px|31px|0px|false|false\u00a0\u00bb filter_contrast=\u00a0\u00bb127%\u00a0\u00bb locked=\u00a0\u00bboff\u00a0\u00bb collapsed=\u00a0\u00bboff\u00a0\u00bb][et_pb_row use_custom_gutter=\u00a0\u00bbon\u00a0\u00bb gutter_width=\u00a0\u00bb1&Prime; make_equal=\u00a0\u00bbon\u00a0\u00bb _builder_version=\u00a0\u00bb3.25&Prime; background_size=\u00a0\u00bbinitial\u00a0\u00bb background_position=\u00a0\u00bbtop_left\u00a0\u00bb background_repeat=\u00a0\u00bbrepeat\u00a0\u00bb custom_margin=\u00a0\u00bb20px|||\u00a0\u00bb custom_padding=\u00a0\u00bb4px||0||false|false\u00a0\u00bb column_structure=\u00a0\u00bb1_2,1_2&Prime;][et_pb_column type=\u00a0\u00bb1_2&Prime; _builder_version=\u00a0\u00bb3.25&Prime; custom_padding=\u00a0\u00bb50px|50px|50px|50px\u00a0\u00bb custom_padding__hover=\u00a0\u00bb|||\u00a0\u00bb][et_pb_image src=\u00a0\u00bbhttps:\/\/www.jtechconseils.fr\/wp-content\/uploads\/2019\/01\/JTECH-CONSEILS-couleur-texte-blanc-01.png\u00a0\u00bb align_tablet=\u00a0\u00bbcenter\u00a0\u00bb align_last_edited=\u00a0\u00bbon|desktop\u00a0\u00bb _builder_version=\u00a0\u00bb3.23&Prime; max_width=\u00a0\u00bb55%\u00a0\u00bb module_alignment=\u00a0\u00bbleft\u00a0\u00bb custom_margin=\u00a0\u00bb|||-12px\u00a0\u00bb][\/et_pb_image][et_pb_text _builder_version=\u00a0\u00bb3.27.4&Prime; text_font=\u00a0\u00bbArchivo Narrow||||||||\u00a0\u00bb text_text_color=\u00a0\u00bb#878787&Prime; text_letter_spacing=\u00a0\u00bb1px\u00a0\u00bb text_line_height=\u00a0\u00bb1.3em\u00a0\u00bb link_font=\u00a0\u00bb||||||||\u00a0\u00bb ul_font=\u00a0\u00bb||||||||\u00a0\u00bb header_font=\u00a0\u00bb||||||||\u00a0\u00bb header_text_color=\u00a0\u00bb#878787&Prime; custom_margin=\u00a0\u00bb20px||\u00a0\u00bb custom_padding=\u00a0\u00bb0px||\u00a0\u00bb]<\/p>\n<p>Associant architecture et ing\u00e9nierie, le cabinet JTECH CONSEILS vous propose d&rsquo;\u00eatre votre partenaire solide pour la conception et la r\u00e9alisation de vos b\u00e2timents.<\/p>\n<p>[\/et_pb_text][et_pb_text _builder_version=\u00a0\u00bb3.27.4&Prime; text_font=\u00a0\u00bbArchivo Narrow||||||||\u00a0\u00bb text_text_color=\u00a0\u00bbrgba(255,255,255,0.73)\u00a0\u00bb text_letter_spacing=\u00a0\u00bb1px\u00a0\u00bb text_line_height=\u00a0\u00bb1.3em\u00a0\u00bb link_font=\u00a0\u00bb||||||||\u00a0\u00bb ul_font=\u00a0\u00bb||||||||\u00a0\u00bb header_font=\u00a0\u00bb||||||||\u00a0\u00bb header_text_color=\u00a0\u00bb#878787&Prime; header_font_size=\u00a0\u00bb11px\u00a0\u00bb custom_margin=\u00a0\u00bb30px||\u00a0\u00bb custom_padding=\u00a0\u00bb0px||\u00a0\u00bb]<\/p>\n<p><strong>Si\u00e8ge social :<\/strong> 4F rue de l\u2019ancien H\u00f4pital 57200 SARREGUEMINES<br \/> <strong>Bureau :<\/strong> 19 rue de France 57200 SARREGUEMINES<\/p>\n<p>[\/et_pb_text][et_pb_divider show_divider=\u00a0\u00bboff\u00a0\u00bb disabled_on=\u00a0\u00bbon|on|off%22%22%22%22&Prime; _builder_version=\u00a0\u00bb3.2&Prime; max_width=\u00a0\u00bb400px\u00a0\u00bb module_alignment=\u00a0\u00bbcenter\u00a0\u00bb height=\u00a0\u00bb2px\u00a0\u00bb custom_margin=\u00a0\u00bb||0px|\u00a0\u00bb custom_padding=\u00a0\u00bb|||\u00a0\u00bb animation_style=\u00a0\u00bbzoom\u00a0\u00bb animation_intensity_zoom=\u00a0\u00bb20%\u00a0\u00bb][\/et_pb_divider][\/et_pb_column][et_pb_column type=\u00a0\u00bb1_2&Prime; _builder_version=\u00a0\u00bb3.25&Prime; custom_padding=\u00a0\u00bb50px|50px|50px|50px\u00a0\u00bb custom_padding__hover=\u00a0\u00bb|||\u00a0\u00bb][et_pb_text _builder_version=\u00a0\u00bb3.27.4&Prime; text_font=\u00a0\u00bb||||||||\u00a0\u00bb text_text_color=\u00a0\u00bb#afca13&Prime; text_font_size=\u00a0\u00bb12px\u00a0\u00bb text_letter_spacing=\u00a0\u00bb3px\u00a0\u00bb text_orientation=\u00a0\u00bbright\u00a0\u00bb custom_margin=\u00a0\u00bb100px||\u00a0\u00bb]<\/p>\n<p>CONTACTEZ-NOUS<\/p>\n<p>[\/et_pb_text][et_pb_text _builder_version=\u00a0\u00bb3.27.4&Prime; text_font=\u00a0\u00bbArchivo Narrow||||||||\u00a0\u00bb text_text_color=\u00a0\u00bbrgba(255,255,255,0.73)\u00a0\u00bb text_letter_spacing=\u00a0\u00bb1px\u00a0\u00bb text_line_height=\u00a0\u00bb1.5em\u00a0\u00bb link_font=\u00a0\u00bb||||||||\u00a0\u00bb ul_font=\u00a0\u00bb||||||||\u00a0\u00bb header_font=\u00a0\u00bb||||||||\u00a0\u00bb header_text_color=\u00a0\u00bb#878787&Prime; text_orientation=\u00a0\u00bbright\u00a0\u00bb custom_margin=\u00a0\u00bb29px||\u00a0\u00bb custom_padding=\u00a0\u00bb0px||\u00a0\u00bb]<\/p>\n<p>Jordi MAMAN<br \/> info@jtechconseils.fr<br \/> + 33 (0) 3 87 09 30 44<\/p>\n<p>[\/et_pb_text][\/et_pb_column][\/et_pb_row][et_pb_row _builder_version=\u00a0\u00bb3.25&Prime; custom_padding=\u00a0\u00bb1px|0px|6px|0px|false|false\u00a0\u00bb][et_pb_column type=\u00a0\u00bb4_4&Prime; _builder_version=\u00a0\u00bb3.25&Prime; custom_padding=\u00a0\u00bb|||\u00a0\u00bb custom_padding__hover=\u00a0\u00bb|||\u00a0\u00bb][et_pb_divider color=\u00a0\u00bb#4b4a4a\u00a0\u00bb _builder_version=\u00a0\u00bb3.19.5&Prime;][\/et_pb_divider][\/et_pb_column][\/et_pb_row][et_pb_row _builder_version=\u00a0\u00bb3.25&Prime; custom_padding=\u00a0\u00bb36px|0px|0|0px|false|false\u00a0\u00bb column_structure=\u00a0\u00bb3_5,2_5&Prime;][et_pb_column type=\u00a0\u00bb3_5&Prime; _builder_version=\u00a0\u00bb3.25&Prime; custom_padding=\u00a0\u00bb|||\u00a0\u00bb custom_padding__hover=\u00a0\u00bb|||\u00a0\u00bb][et_pb_text _builder_version=\u00a0\u00bb4.6.1&Prime; text_font=\u00a0\u00bbArchivo Narrow||||||||\u00a0\u00bb text_text_color=\u00a0\u00bb#ffffff\u00a0\u00bb text_font_size=\u00a0\u00bb11px\u00a0\u00bb text_letter_spacing=\u00a0\u00bb1px\u00a0\u00bb custom_margin=\u00a0\u00bb-36px|||45px\u00a0\u00bb hover_enabled=\u00a0\u00bb0&Prime; sticky_enabled=\u00a0\u00bb0&Prime;]<\/p>\n<p>JTECH CONSEILS\u00a9 2020 I <a href=\"https:\/\/www.jtechconseils.fr\/index.php\/mentions-legales\/\">MENTIONS L\u00c9GALES<\/a>\u00a0I <a href=\"https:\/\/www.jtechconseils.fr\/index.php\/conditions-dutilisation\/\">CONDITIONS D&rsquo;UTILISATION<\/a> I <a href=\"https:\/\/www.jtechconseils.fr\/index.php\/protection-des-donnees\/\">PROTECTION DES DONN\u00c9ES<\/a> I CONCEPTION PICTOPIA SARREGUEMINES<\/p>\n<p>[\/et_pb_text][\/et_pb_column][et_pb_column type=\u00a0\u00bb2_5&Prime; _builder_version=\u00a0\u00bb3.25&Prime; custom_padding=\u00a0\u00bb|||\u00a0\u00bb custom_padding__hover=\u00a0\u00bb|||\u00a0\u00bb][\/et_pb_column][\/et_pb_row][\/et_pb_section]<\/p>\n","protected":false},"excerpt":{"rendered":"<p>[et_pb_section fb_built=\u00a0\u00bb1&Prime; fullwidth=\u00a0\u00bbon\u00a0\u00bb module_id=\u00a0\u00bbaccueil\u00a0\u00bb _builder_version=\u00a0\u00bb3.22&Prime; background_color=\u00a0\u00bb#ffffff\u00a0\u00bb custom_margin=\u00a0\u00bb0px||0px\u00a0\u00bb custom_padding=\u00a0\u00bb0px|0px|0px|0px|false|false\u00a0\u00bb][et_pb_fullwidth_slider _builder_version=\u00a0\u00bb3.19.5&Prime; header_font=\u00a0\u00bb||||||||\u00a0\u00bb body_font=\u00a0\u00bb||||||||\u00a0\u00bb animation_style=\u00a0\u00bbfade\u00a0\u00bb animation_duration=\u00a0\u00bb5000ms\u00a0\u00bb animation_starting_opacity=\u00a0\u00bb100%\u00a0\u00bb animation_speed_curve=\u00a0\u00bblinear\u00a0\u00bb hover_transition_duration=\u00a0\u00bb5000ms\u00a0\u00bb hover_transition_speed_curve=\u00a0\u00bblinear\u00a0\u00bb][et_pb_slide use_bg_overlay=\u00a0\u00bbon\u00a0\u00bb bg_overlay_color=\u00a0\u00bbrgba(0,0,0,0.58)\u00a0\u00bb use_text_overlay=\u00a0\u00bboff\u00a0\u00bb _builder_version=\u00a0\u00bb3.19.5&Prime; header_level=\u00a0\u00bbh1&Prime; header_font=\u00a0\u00bbArchivo Narrow|700|||||||\u00a0\u00bb header_text_align=\u00a0\u00bbcenter\u00a0\u00bb header_text_color=\u00a0\u00bb#ffffff\u00a0\u00bb header_font_size=\u00a0\u00bb42px\u00a0\u00bb header_line_height=\u00a0\u00bb1.3em\u00a0\u00bb body_font=\u00a0\u00bbArchivo Narrow||||||||\u00a0\u00bb body_text_color=\u00a0\u00bb#7cda24&Prime; body_font_size=\u00a0\u00bb19px\u00a0\u00bb body_line_height=\u00a0\u00bb1.3em\u00a0\u00bb background_image=\u00a0\u00bbhttps:\/\/www.jtechconseils.fr\/wp-content\/uploads\/2019\/02\/AdobeStock_187973912-redim.jpeg\u00a0\u00bb custom_button=\u00a0\u00bbon\u00a0\u00bb button_text_size=\u00a0\u00bb13px\u00a0\u00bb button_text_color=\u00a0\u00bb#ffffff\u00a0\u00bb button_border_width=\u00a0\u00bb1px\u00a0\u00bb button_border_radius=\u00a0\u00bb39px\u00a0\u00bb button_letter_spacing=\u00a0\u00bb1px\u00a0\u00bb button_font=\u00a0\u00bbArchivo Narrow||||||||\u00a0\u00bb button_use_icon=\u00a0\u00bbon\u00a0\u00bb button_icon=\u00a0\u00bb%%20%%\u00a0\u00bb button_icon_color=\u00a0\u00bb#ffffff\u00a0\u00bb button_on_hover=\u00a0\u00bbon\u00a0\u00bb button_alignment=\u00a0\u00bbcenter\u00a0\u00bb custom_padding=\u00a0\u00bb300px|0px|300px|0px\u00a0\u00bb hover_transition_duration=\u00a0\u00bb2000ms\u00a0\u00bb hover_transition_delay=\u00a0\u00bb50ms\u00a0\u00bb hover_transition_speed_curve=\u00a0\u00bblinear\u00a0\u00bb sticky_transition=\u00a0\u00bbon\u00a0\u00bb] &#8211; Ing\u00e9nierie &amp; [&hellip;]<\/p>\n","protected":false},"author":6,"featured_media":0,"parent":0,"menu_order":0,"comment_status":"closed","ping_status":"closed","template":"","meta":{"_et_pb_use_builder":"on","_et_pb_old_content":"","_et_gb_content_width":""},"_links":{"self":[{"href":"https:\/\/www.jtechconseils.fr\/index.php\/wp-json\/wp\/v2\/pages\/401"}],"collection":[{"href":"https:\/\/www.jtechconseils.fr\/index.php\/wp-json\/wp\/v2\/pages"}],"about":[{"href":"https:\/\/www.jtechconseils.fr\/index.php\/wp-json\/wp\/v2\/types\/page"}],"author":[{"embeddable":true,"href":"https:\/\/www.jtechconseils.fr\/index.php\/wp-json\/wp\/v2\/users\/6"}],"replies":[{"embeddable":true,"href":"https:\/\/www.jtechconseils.fr\/index.php\/wp-json\/wp\/v2\/comments?post=401"}],"version-history":[{"count":41,"href":"https:\/\/www.jtechconseils.fr\/index.php\/wp-json\/wp\/v2\/pages\/401\/revisions"}],"predecessor-version":[{"id":902,"href":"https:\/\/www.jtechconseils.fr\/index.php\/wp-json\/wp\/v2\/pages\/401\/revisions\/902"}],"wp:attachment":[{"href":"https:\/\/www.jtechconseils.fr\/index.php\/wp-json\/wp\/v2\/media?parent=401"}],"curies":[{"name":"wp","href":"https:\/\/api.w.org\/{rel}","templated":true}]}}